{"id":9555,"date":"2022-08-23T17:43:41","date_gmt":"2022-08-23T17:43:41","guid":{"rendered":"http:\/\/www.imaxtampico.com\/web\/?page_id=9555"},"modified":"2023-09-15T18:50:50","modified_gmt":"2023-09-15T18:50:50","slug":"diplomados-imax-administracion-gestion-salud","status":"publish","type":"page","link":"https:\/\/www.imaxtampico.com\/web\/diplomados-imax-administracion-gestion-salud\/","title":{"rendered":"Diplomado en Administraci\u00f3n y Gesti\u00f3n de Servicios de Salud"},"content":{"rendered":"\t\t<div data-elementor-type=\"wp-post\" data-elementor-id=\"9555\" class=\"elementor elementor-9555\" data-elementor-settings=\"[]\">\n\t\t\t\t\t\t<div class=\"elementor-inner\">\n\t\t\t\t\t\t\t<div class=\"elementor-section-wrap\">\n\t\t\t\t\t\t\t<section class=\"elementor-section elementor-top-section elementor-element elementor-element-ab723e0 elementor-section-boxed elementor-section-height-default elementor-section-height-default\" data-id=\"ab723e0\" data-element_type=\"section\">\n\t\t\t\t\t\t<div class=\"elementor-container elementor-column-gap-default\">\n\t\t\t\t\t\t\t<div class=\"elementor-row\">\n\t\t\t\t\t<div class=\"elementor-column elementor-col-100 elementor-top-column elementor-element elementor-element-be2d9a6\" data-id=\"be2d9a6\" data-element_type=\"column\">\n\t\t\t<div class=\"elementor-column-wrap elementor-element-populated\">\n\t\t\t\t\t\t\t<div class=\"elementor-widget-wrap\">\n\t\t\t\t\t\t<div class=\"elementor-element elementor-element-7e8acfe elementor-widget elementor-widget-image\" data-id=\"7e8acfe\" data-element_type=\"widget\" data-widget_type=\"image.default\">\n\t\t\t\t<div class=\"elementor-widget-container\">\n\t\t\t\t\t\t\t\t<div class=\"elementor-image\">\n\t\t\t\t\t\t\t\t\t\t\t\t<img decoding=\"async\" width=\"2048\" height=\"1151\" src=\"https:\/\/www.imaxtampico.com\/web\/wp-content\/uploads\/2023\/09\/portadas-diplomados-imax-gestion-administracion2-2048x1151.png\" class=\"attachment-2048x2048 size-2048x2048\" alt=\"\" loading=\"lazy\" srcset=\"https:\/\/www.imaxtampico.com\/web\/wp-content\/uploads\/2023\/09\/portadas-diplomados-imax-gestion-administracion2-2048x1151.png 2048w, https:\/\/www.imaxtampico.com\/web\/wp-content\/uploads\/2023\/09\/portadas-diplomados-imax-gestion-administracion2-300x169.png 300w, https:\/\/www.imaxtampico.com\/web\/wp-content\/uploads\/2023\/09\/portadas-diplomados-imax-gestion-administracion2-1024x576.png 1024w, https:\/\/www.imaxtampico.com\/web\/wp-content\/uploads\/2023\/09\/portadas-diplomados-imax-gestion-administracion2-768x432.png 768w, https:\/\/www.imaxtampico.com\/web\/wp-content\/uploads\/2023\/09\/portadas-diplomados-imax-gestion-administracion2-1536x864.png 1536w\" sizes=\"(max-width: 2048px) 100vw, 2048px\" \/>\t\t\t\t\t\t\t\t\t\t\t\t\t\t<\/div>\n\t\t\t\t\t\t<\/div>\n\t\t\t\t<\/div>\n\t\t\t\t\t\t<\/div>\n\t\t\t\t\t<\/div>\n\t\t<\/div>\n\t\t\t\t\t\t\t\t<\/div>\n\t\t\t\t\t<\/div>\n\t\t<\/section>\n\t\t\t\t<section class=\"elementor-section elementor-top-section elementor-element elementor-element-b3ca797 elementor-section-boxed elementor-section-height-default elementor-section-height-default\" data-id=\"b3ca797\" data-element_type=\"section\">\n\t\t\t\t\t\t<div class=\"elementor-container elementor-column-gap-default\">\n\t\t\t\t\t\t\t<div class=\"elementor-row\">\n\t\t\t\t\t<div class=\"elementor-column elementor-col-50 elementor-top-column elementor-element elementor-element-1ffcb08\" data-id=\"1ffcb08\" data-element_type=\"column\">\n\t\t\t<div class=\"elementor-column-wrap elementor-element-populated\">\n\t\t\t\t\t\t\t<div class=\"elementor-widget-wrap\">\n\t\t\t\t\t\t<div class=\"elementor-element elementor-element-c73e3bc elementor-widget elementor-widget-text-editor\" data-id=\"c73e3bc\" data-element_type=\"widget\" data-widget_type=\"text-editor.default\">\n\t\t\t\t<div class=\"elementor-widget-container\">\n\t\t\t\t\t\t\t\t<div class=\"elementor-text-editor elementor-clearfix\">\n\t\t\t\t<p><span style=\"color: #800000;\"><strong>Dirigido a:<\/strong><\/span> \u00a0<\/p><p>Mujeres entre los 22 y 35 a\u00f1os de edad, con la preparatoria terminada, con disponibilidad de horario, en busca de una oportunidad laboral, con intenci\u00f3n de aprender y crecer.<\/p><p><span style=\"color: #800000;\"><strong>Ubicaci\u00f3n: <\/strong><span style=\"color: #808080;\">Calle Dr. Carlos Canseco #211 Nte. Zona Centro de Tampico, Tamaulipas, M\u00e9xico.<\/span><\/span><\/p><p><span style=\"color: #800000;\"><strong>Duraci\u00f3n: <\/strong><\/span>5 meses y medio<\/p><p><span style=\"color: #800000;\"><strong>Periodos:\u00a0<\/strong><\/span><\/p><p>Periodo A: Enero &#8211; Junio\u00a0 <span style=\"color: #008000;\">Inicio:\u00a0Lunes 15 de Enero 2024.<\/span><\/p><p>Periodo B: Julio &#8211; Diciembre\u00a0 <span style=\"color: #008000;\">Inicio: Lunes 15 de Julio 2024.<\/span><\/p><p><span style=\"color: #800000;\"><strong>Horario:\u00a0 <\/strong><\/span><\/p><p><span style=\"color: #800000;\"><span style=\"color: #808080;\">Lunes a Viernes de 8:00 a.m. a 6:30 p.m.\u00a0 \u00a0 \u00a0 \u00a0 \u00a0 \u00a0 \u00a0 \u00a0 \u00a0 \u00a0 \u00a0 \u00a0 \u00a0 \u00a0 \u00a0 \u00a0 \u00a0 \u00a0 \u00a0 \u00a0 \u00a0 \u00a0 \u00a0 \u00a0 S\u00e1bados de 8:00 a.m. a 4:00 p.m.<\/span><\/span><\/p><p><span style=\"color: #800000;\"><strong>Beneficios:<\/strong><\/span><\/p><ul><li>Int\u00e9grate al equipo de colaboradores IMAX.<\/li><li>Firma contrato laboral para recibir sueldo, seguro de accidentes y seguro de vida.<\/li><li>Adquiere competencias y habilidades para desarrollarte profesionalmente en el sector salud.<\/li><li>Recibe constancia y diploma con valor curricular, avalado por el Instituto de Estudios Superiores de Tamaulipas (IEST, An\u00e1huac).<\/li><\/ul>\t\t\t\t\t<\/div>\n\t\t\t\t\t\t<\/div>\n\t\t\t\t<\/div>\n\t\t\t\t\t\t<\/div>\n\t\t\t\t\t<\/div>\n\t\t<\/div>\n\t\t\t\t<div class=\"elementor-column elementor-col-50 elementor-top-column elementor-element elementor-element-3223aa8\" data-id=\"3223aa8\" data-element_type=\"column\">\n\t\t\t<div class=\"elementor-column-wrap elementor-element-populated\">\n\t\t\t\t\t\t\t<div class=\"elementor-widget-wrap\">\n\t\t\t\t\t\t<div class=\"elementor-element elementor-element-5f4facc elementor-widget elementor-widget-text-editor\" data-id=\"5f4facc\" data-element_type=\"widget\" data-widget_type=\"text-editor.default\">\n\t\t\t\t<div class=\"elementor-widget-container\">\n\t\t\t\t\t\t\t\t<div class=\"elementor-text-editor elementor-clearfix\">\n\t\t\t\t<p><span style=\"color: #800000;\"><strong>Perfil de Egreso:<\/strong><\/span><\/p><p>La egresada del Diplomado ser\u00e1 capaz de:<br \/>\u2013 Analizar y atender las necesidades administrativas del sector salud.<br \/>\u2013 Auxiliar en las \u00e1reas de contabilidad y mercadotecnia.<br \/>\u2013 Desempe\u00f1arse como asistente y relacionista p\u00fablica de m\u00e9dicos especialistas.<br \/>\u2013 Trabajar en el \u00e1rea de atenci\u00f3n a clientes en hospitales, cl\u00ednicas y consultorios.<br \/>\u2013 Desempe\u00f1arse como recepcionista, telefonista o administradora de redes sociales.<\/p><p><span style=\"color: #800000;\"><strong>Proceso de selecci\u00f3n y admisi\u00f3n:<\/strong><\/span><\/p><div><ul><li>Llena tu solicitud (disponible en esta misma p\u00e1gina).<\/li><li>Adjunta la siguiente documentaci\u00f3n:<ul><li>Curriculum Vitae.<\/li><li>Copia de certificado de bachillerato y\/o estudios.<\/li><li>Copia de identificaci\u00f3n oficial (credencial\u00a0de\u00a0elector).<\/li><li>Dos\u00a0cartas de\u00a0recomendaci\u00f3n.<\/li><\/ul><\/li><li>Comun\u00edcate v\u00eda WhatsApp al 8118806910 con el Lic. David Adri\u00e1n P\u00e9rez Ruiz (Coordinador Acad\u00e9mico de IMAX) para confirmar la recepci\u00f3n de tu solicitud.<\/li><li>Espera el mensaje de confirmaci\u00f3n junto con las instrucciones para continuar con el proceso de selecci\u00f3n y admisi\u00f3n\u2026<\/li><\/ul><\/div>\t\t\t\t\t<\/div>\n\t\t\t\t\t\t<\/div>\n\t\t\t\t<\/div>\n\t\t\t\t<div class=\"elementor-element elementor-element-89538f5 elementor-widget elementor-widget-text-editor\" data-id=\"89538f5\" data-element_type=\"widget\" data-widget_type=\"text-editor.default\">\n\t\t\t\t<div class=\"elementor-widget-container\">\n\t\t\t\t\t\t\t\t<div class=\"elementor-text-editor elementor-clearfix\">\n\t\t\t\t<p><span style=\"color: #800000;\"><strong>Requisitos de acreditaci\u00f3n:<\/strong><\/span><\/p><div>&#8211; Cumplir con m\u00ednimo 80% de asistencia.\u00a0<\/div><div>&#8211; Aprobar los ex\u00e1menes parciales del CURSO.<\/div><div>&#8211; Liquidar los pagos correspondientes.<\/div><div style=\"text-align: justify;\">\u00a0<\/div>\t\t\t\t\t<\/div>\n\t\t\t\t\t\t<\/div>\n\t\t\t\t<\/div>\n\t\t\t\t\t\t<\/div>\n\t\t\t\t\t<\/div>\n\t\t<\/div>\n\t\t\t\t\t\t\t\t<\/div>\n\t\t\t\t\t<\/div>\n\t\t<\/section>\n\t\t\t\t<section class=\"elementor-section elementor-top-section elementor-element elementor-element-68adc57e elementor-section-boxed elementor-section-height-default elementor-section-height-default\" data-id=\"68adc57e\" data-element_type=\"section\" data-settings=\"{&quot;background_background&quot;:&quot;classic&quot;}\">\n\t\t\t\t\t\t<div class=\"elementor-container elementor-column-gap-default\">\n\t\t\t\t\t\t\t<div class=\"elementor-row\">\n\t\t\t\t\t<div class=\"elementor-column elementor-col-100 elementor-top-column elementor-element elementor-element-674ff23a\" data-id=\"674ff23a\" data-element_type=\"column\">\n\t\t\t<div class=\"elementor-column-wrap elementor-element-populated\">\n\t\t\t\t\t\t\t<div class=\"elementor-widget-wrap\">\n\t\t\t\t\t\t<div class=\"elementor-element elementor-element-55f8725 elementor-widget elementor-widget-eform_form\" data-id=\"55f8725\" data-element_type=\"widget\" data-widget_type=\"eform_form.default\">\n\t\t\t\t<div class=\"elementor-widget-container\">\n\t\t\t<style type=\"text\/css\">iframe.wpq-eform-iframe {width: 1px; min-width: 100%; border: 0 none; outline: none;}<\/style><div><div style=\"overflow: auto; -webkit-overflow-scrolling:touch;\"><iframe scrolling=\"no\" style=\" height: 500px;\" allowtransparency=\"true\" class=\"wpq-eform-iframe\" src=\"https:\/\/www.imaxtampico.com\/web\/eforms\/agss\/19\/?iframe_embed=1\"><\/iframe><\/div><\/div>\t\t<\/div>\n\t\t\t\t<\/div>\n\t\t\t\t\t\t<\/div>\n\t\t\t\t\t<\/div>\n\t\t<\/div>\n\t\t\t\t\t\t\t\t<\/div>\n\t\t\t\t\t<\/div>\n\t\t<\/section>\n\t\t\t\t\t\t<\/div>\n\t\t\t\t\t\t<\/div>\n\t\t\t\t\t<\/div>\n\t\t","protected":false},"excerpt":{"rendered":"<p>Dirigido a: \u00a0 Mujeres entre los 22 y 35 a\u00f1os de edad, con la preparatoria terminada, con disponibilidad de horario, en busca de una oportunidad laboral, con intenci\u00f3n de aprender y crecer. Ubicaci\u00f3n: Calle Dr. Carlos Canseco #211 Nte. Zona Centro de Tampico, Tamaulipas, M\u00e9xico. Duraci\u00f3n: 5 meses y medio Periodos:\u00a0 Periodo A: Enero &#8211; [&hellip;]<\/p>\n","protected":false},"author":1,"featured_media":0,"parent":0,"menu_order":0,"comment_status":"closed","ping_status":"closed","template":"template\/full-width-template.php","meta":[],"yoast_head":"<!-- This site is optimized with the Yoast SEO Premium plugin v17.9 (Yoast SEO v21.4) - https:\/\/yoast.com\/wordpress\/plugins\/seo\/ -->\n<title>Diplomado en Administraci\u00f3n y Gesti\u00f3n de Servicios de Salud - IMAX Tampico<\/title>\n<meta name=\"robots\" content=\"index, follow, max-snippet:-1, max-image-preview:large, max-video-preview:-1\" \/>\n<link rel=\"canonical\" href=\"https:\/\/www.imaxtampico.com\/web\/diplomados-imax-administracion-gestion-salud\/\" \/>\n<meta property=\"og:locale\" content=\"es_ES\" \/>\n<meta property=\"og:type\" content=\"article\" \/>\n<meta property=\"og:title\" content=\"Diplomado en Administraci\u00f3n y Gesti\u00f3n de Servicios de Salud\" \/>\n<meta property=\"og:description\" content=\"Dirigido a: \u00a0 Mujeres entre los 22 y 35 a\u00f1os de edad, con la preparatoria terminada, con disponibilidad de horario, en busca de una oportunidad laboral, con intenci\u00f3n de aprender y crecer. Ubicaci\u00f3n: Calle Dr. Carlos Canseco #211 Nte. Zona Centro de Tampico, Tamaulipas, M\u00e9xico. Duraci\u00f3n: 5 meses y medio Periodos:\u00a0 Periodo A: Enero &#8211; [&hellip;]\" \/>\n<meta property=\"og:url\" content=\"https:\/\/www.imaxtampico.com\/web\/diplomados-imax-administracion-gestion-salud\/\" \/>\n<meta property=\"og:site_name\" content=\"IMAX Tampico\" \/>\n<meta property=\"article:publisher\" content=\"https:\/\/www.facebook.com\/imagenmaxima\" \/>\n<meta property=\"article:modified_time\" content=\"2023-09-15T18:50:50+00:00\" \/>\n<meta property=\"og:image\" content=\"http:\/\/www.imaxtampico.com\/web\/wp-content\/uploads\/2023\/09\/portadas-diplomados-imax-gestion-administracion2-2048x1151.png\" \/>\n<meta name=\"twitter:card\" content=\"summary_large_image\" \/>\n<meta name=\"twitter:label1\" content=\"Tiempo de lectura\" \/>\n\t<meta name=\"twitter:data1\" content=\"2 minutos\" \/>\n<script type=\"application\/ld+json\" class=\"yoast-schema-graph\">{\"@context\":\"https:\/\/schema.org\",\"@graph\":[{\"@type\":\"WebPage\",\"@id\":\"https:\/\/www.imaxtampico.com\/web\/diplomados-imax-administracion-gestion-salud\/\",\"url\":\"https:\/\/www.imaxtampico.com\/web\/diplomados-imax-administracion-gestion-salud\/\",\"name\":\"Diplomado en Administraci\u00f3n y Gesti\u00f3n de Servicios de Salud - IMAX Tampico\",\"isPartOf\":{\"@id\":\"https:\/\/www.imaxtampico.com\/web\/#website\"},\"datePublished\":\"2022-08-23T17:43:41+00:00\",\"dateModified\":\"2023-09-15T18:50:50+00:00\",\"breadcrumb\":{\"@id\":\"https:\/\/www.imaxtampico.com\/web\/diplomados-imax-administracion-gestion-salud\/#breadcrumb\"},\"inLanguage\":\"es\",\"potentialAction\":[{\"@type\":\"ReadAction\",\"target\":[\"https:\/\/www.imaxtampico.com\/web\/diplomados-imax-administracion-gestion-salud\/\"]}]},{\"@type\":\"BreadcrumbList\",\"@id\":\"https:\/\/www.imaxtampico.com\/web\/diplomados-imax-administracion-gestion-salud\/#breadcrumb\",\"itemListElement\":[{\"@type\":\"ListItem\",\"position\":1,\"name\":\"Home\",\"item\":\"https:\/\/www.imaxtampico.com\/web\/\"},{\"@type\":\"ListItem\",\"position\":2,\"name\":\"Diplomado en Administraci\u00f3n y Gesti\u00f3n de Servicios de Salud\"}]},{\"@type\":\"WebSite\",\"@id\":\"https:\/\/www.imaxtampico.com\/web\/#website\",\"url\":\"https:\/\/www.imaxtampico.com\/web\/\",\"name\":\"IMAX Tampico\",\"description\":\"CENTRO DE IMAGENOLOGIA INTEGRAL Nuestra Experiencia y Tecnolog\u00eda de primer mundo, hacen la diferencia.\",\"publisher\":{\"@id\":\"https:\/\/www.imaxtampico.com\/web\/#organization\"},\"potentialAction\":[{\"@type\":\"SearchAction\",\"target\":{\"@type\":\"EntryPoint\",\"urlTemplate\":\"https:\/\/www.imaxtampico.com\/web\/?s={search_term_string}\"},\"query-input\":\"required name=search_term_string\"}],\"inLanguage\":\"es\"},{\"@type\":\"Organization\",\"@id\":\"https:\/\/www.imaxtampico.com\/web\/#organization\",\"name\":\"IMAX Tampico\",\"url\":\"https:\/\/www.imaxtampico.com\/web\/\",\"logo\":{\"@type\":\"ImageObject\",\"inLanguage\":\"es\",\"@id\":\"https:\/\/www.imaxtampico.com\/web\/#\/schema\/logo\/image\/\",\"url\":\"http:\/\/www.imaxtampico.com\/web\/wp-content\/uploads\/2021\/08\/imax-logo.png\",\"contentUrl\":\"http:\/\/www.imaxtampico.com\/web\/wp-content\/uploads\/2021\/08\/imax-logo.png\",\"width\":148,\"height\":90,\"caption\":\"IMAX Tampico\"},\"image\":{\"@id\":\"https:\/\/www.imaxtampico.com\/web\/#\/schema\/logo\/image\/\"},\"sameAs\":[\"https:\/\/www.facebook.com\/imagenmaxima\",\"https:\/\/www.instagram.com\/imaxtampico21\/\",\"https:\/\/www.linkedin.com\/company\/imaxtampico\",\"https:\/\/www.youtube.com\/channel\/UCfQN6qrP6yVsy8XJnOqIAEg\"]}]}<\/script>\n<!-- \/ Yoast SEO Premium plugin. -->","yoast_head_json":{"title":"Diplomado en Administraci\u00f3n y Gesti\u00f3n de Servicios de Salud - IMAX Tampico","robots":{"index":"index","follow":"follow","max-snippet":"max-snippet:-1","max-image-preview":"max-image-preview:large","max-video-preview":"max-video-preview:-1"},"canonical":"https:\/\/www.imaxtampico.com\/web\/diplomados-imax-administracion-gestion-salud\/","og_locale":"es_ES","og_type":"article","og_title":"Diplomado en Administraci\u00f3n y Gesti\u00f3n de Servicios de Salud","og_description":"Dirigido a: \u00a0 Mujeres entre los 22 y 35 a\u00f1os de edad, con la preparatoria terminada, con disponibilidad de horario, en busca de una oportunidad laboral, con intenci\u00f3n de aprender y crecer. Ubicaci\u00f3n: Calle Dr. Carlos Canseco #211 Nte. Zona Centro de Tampico, Tamaulipas, M\u00e9xico. Duraci\u00f3n: 5 meses y medio Periodos:\u00a0 Periodo A: Enero &#8211; [&hellip;]","og_url":"https:\/\/www.imaxtampico.com\/web\/diplomados-imax-administracion-gestion-salud\/","og_site_name":"IMAX Tampico","article_publisher":"https:\/\/www.facebook.com\/imagenmaxima","article_modified_time":"2023-09-15T18:50:50+00:00","og_image":[{"url":"http:\/\/www.imaxtampico.com\/web\/wp-content\/uploads\/2023\/09\/portadas-diplomados-imax-gestion-administracion2-2048x1151.png"}],"twitter_card":"summary_large_image","twitter_misc":{"Tiempo de lectura":"2 minutos"},"schema":{"@context":"https:\/\/schema.org","@graph":[{"@type":"WebPage","@id":"https:\/\/www.imaxtampico.com\/web\/diplomados-imax-administracion-gestion-salud\/","url":"https:\/\/www.imaxtampico.com\/web\/diplomados-imax-administracion-gestion-salud\/","name":"Diplomado en Administraci\u00f3n y Gesti\u00f3n de Servicios de Salud - IMAX Tampico","isPartOf":{"@id":"https:\/\/www.imaxtampico.com\/web\/#website"},"datePublished":"2022-08-23T17:43:41+00:00","dateModified":"2023-09-15T18:50:50+00:00","breadcrumb":{"@id":"https:\/\/www.imaxtampico.com\/web\/diplomados-imax-administracion-gestion-salud\/#breadcrumb"},"inLanguage":"es","potentialAction":[{"@type":"ReadAction","target":["https:\/\/www.imaxtampico.com\/web\/diplomados-imax-administracion-gestion-salud\/"]}]},{"@type":"BreadcrumbList","@id":"https:\/\/www.imaxtampico.com\/web\/diplomados-imax-administracion-gestion-salud\/#breadcrumb","itemListElement":[{"@type":"ListItem","position":1,"name":"Home","item":"https:\/\/www.imaxtampico.com\/web\/"},{"@type":"ListItem","position":2,"name":"Diplomado en Administraci\u00f3n y Gesti\u00f3n de Servicios de Salud"}]},{"@type":"WebSite","@id":"https:\/\/www.imaxtampico.com\/web\/#website","url":"https:\/\/www.imaxtampico.com\/web\/","name":"IMAX Tampico","description":"CENTRO DE IMAGENOLOGIA INTEGRAL Nuestra Experiencia y Tecnolog\u00eda de primer mundo, hacen la diferencia.","publisher":{"@id":"https:\/\/www.imaxtampico.com\/web\/#organization"},"potentialAction":[{"@type":"SearchAction","target":{"@type":"EntryPoint","urlTemplate":"https:\/\/www.imaxtampico.com\/web\/?s={search_term_string}"},"query-input":"required name=search_term_string"}],"inLanguage":"es"},{"@type":"Organization","@id":"https:\/\/www.imaxtampico.com\/web\/#organization","name":"IMAX Tampico","url":"https:\/\/www.imaxtampico.com\/web\/","logo":{"@type":"ImageObject","inLanguage":"es","@id":"https:\/\/www.imaxtampico.com\/web\/#\/schema\/logo\/image\/","url":"http:\/\/www.imaxtampico.com\/web\/wp-content\/uploads\/2021\/08\/imax-logo.png","contentUrl":"http:\/\/www.imaxtampico.com\/web\/wp-content\/uploads\/2021\/08\/imax-logo.png","width":148,"height":90,"caption":"IMAX Tampico"},"image":{"@id":"https:\/\/www.imaxtampico.com\/web\/#\/schema\/logo\/image\/"},"sameAs":["https:\/\/www.facebook.com\/imagenmaxima","https:\/\/www.instagram.com\/imaxtampico21\/","https:\/\/www.linkedin.com\/company\/imaxtampico","https:\/\/www.youtube.com\/channel\/UCfQN6qrP6yVsy8XJnOqIAEg"]}]}},"_links":{"self":[{"href":"https:\/\/www.imaxtampico.com\/web\/wp-json\/wp\/v2\/pages\/9555"}],"collection":[{"href":"https:\/\/www.imaxtampico.com\/web\/wp-json\/wp\/v2\/pages"}],"about":[{"href":"https:\/\/www.imaxtampico.com\/web\/wp-json\/wp\/v2\/types\/page"}],"author":[{"embeddable":true,"href":"https:\/\/www.imaxtampico.com\/web\/wp-json\/wp\/v2\/users\/1"}],"replies":[{"embeddable":true,"href":"https:\/\/www.imaxtampico.com\/web\/wp-json\/wp\/v2\/comments?post=9555"}],"version-history":[{"count":66,"href":"https:\/\/www.imaxtampico.com\/web\/wp-json\/wp\/v2\/pages\/9555\/revisions"}],"predecessor-version":[{"id":14266,"href":"https:\/\/www.imaxtampico.com\/web\/wp-json\/wp\/v2\/pages\/9555\/revisions\/14266"}],"wp:attachment":[{"href":"https:\/\/www.imaxtampico.com\/web\/wp-json\/wp\/v2\/media?parent=9555"}],"curies":[{"name":"wp","href":"https:\/\/api.w.org\/{rel}","templated":true}]}}