{"id":9553,"date":"2022-08-23T17:42:34","date_gmt":"2022-08-23T17:42:34","guid":{"rendered":"http:\/\/www.imaxtampico.com\/web\/?page_id=9553"},"modified":"2023-09-01T21:41:52","modified_gmt":"2023-09-01T21:41:52","slug":"diplomados-imax-tecnicas-radiologia","status":"publish","type":"page","link":"https:\/\/www.imaxtampico.com\/web\/diplomados-imax-tecnicas-radiologia\/","title":{"rendered":"Diplomado Pr\u00e1ctico en T\u00e9cnicas de Radiolog\u00eda e Imagen"},"content":{"rendered":"\t\t<div data-elementor-type=\"wp-post\" data-elementor-id=\"9553\" class=\"elementor elementor-9553\" data-elementor-settings=\"[]\">\n\t\t\t\t\t\t<div class=\"elementor-inner\">\n\t\t\t\t\t\t\t<div class=\"elementor-section-wrap\">\n\t\t\t\t\t\t\t<section class=\"elementor-section elementor-top-section elementor-element elementor-element-f9acb4f elementor-section-boxed elementor-section-height-default elementor-section-height-default\" data-id=\"f9acb4f\" data-element_type=\"section\">\n\t\t\t\t\t\t<div class=\"elementor-container elementor-column-gap-default\">\n\t\t\t\t\t\t\t<div class=\"elementor-row\">\n\t\t\t\t\t<div class=\"elementor-column elementor-col-100 elementor-top-column elementor-element elementor-element-1cce43c\" data-id=\"1cce43c\" data-element_type=\"column\">\n\t\t\t<div class=\"elementor-column-wrap elementor-element-populated\">\n\t\t\t\t\t\t\t<div class=\"elementor-widget-wrap\">\n\t\t\t\t\t\t<div class=\"elementor-element elementor-element-89d77d2 elementor-widget elementor-widget-image\" data-id=\"89d77d2\" data-element_type=\"widget\" data-widget_type=\"image.default\">\n\t\t\t\t<div class=\"elementor-widget-container\">\n\t\t\t\t\t\t\t\t<div class=\"elementor-image\">\n\t\t\t\t\t\t\t\t\t\t\t\t<img decoding=\"async\" width=\"1536\" height=\"864\" src=\"https:\/\/www.imaxtampico.com\/web\/wp-content\/uploads\/2023\/09\/portadas-diplomados-imax-resonancia-new-3-1536x864.png\" class=\"attachment-1536x1536 size-1536x1536\" alt=\"\" loading=\"lazy\" srcset=\"https:\/\/www.imaxtampico.com\/web\/wp-content\/uploads\/2023\/09\/portadas-diplomados-imax-resonancia-new-3-1536x864.png 1536w, https:\/\/www.imaxtampico.com\/web\/wp-content\/uploads\/2023\/09\/portadas-diplomados-imax-resonancia-new-3-300x169.png 300w, https:\/\/www.imaxtampico.com\/web\/wp-content\/uploads\/2023\/09\/portadas-diplomados-imax-resonancia-new-3-1024x576.png 1024w, https:\/\/www.imaxtampico.com\/web\/wp-content\/uploads\/2023\/09\/portadas-diplomados-imax-resonancia-new-3-768x432.png 768w, https:\/\/www.imaxtampico.com\/web\/wp-content\/uploads\/2023\/09\/portadas-diplomados-imax-resonancia-new-3-2048x1152.png 2048w\" sizes=\"(max-width: 1536px) 100vw, 1536px\" \/>\t\t\t\t\t\t\t\t\t\t\t\t\t\t<\/div>\n\t\t\t\t\t\t<\/div>\n\t\t\t\t<\/div>\n\t\t\t\t\t\t<\/div>\n\t\t\t\t\t<\/div>\n\t\t<\/div>\n\t\t\t\t\t\t\t\t<\/div>\n\t\t\t\t\t<\/div>\n\t\t<\/section>\n\t\t\t\t<section class=\"elementor-section elementor-top-section elementor-element elementor-element-0e2e39d elementor-section-boxed elementor-section-height-default elementor-section-height-default\" data-id=\"0e2e39d\" data-element_type=\"section\">\n\t\t\t\t\t\t<div class=\"elementor-container elementor-column-gap-default\">\n\t\t\t\t\t\t\t<div class=\"elementor-row\">\n\t\t\t\t\t<div class=\"elementor-column elementor-col-50 elementor-top-column elementor-element elementor-element-15eb267\" data-id=\"15eb267\" data-element_type=\"column\">\n\t\t\t<div class=\"elementor-column-wrap elementor-element-populated\">\n\t\t\t\t\t\t\t<div class=\"elementor-widget-wrap\">\n\t\t\t\t\t\t<div class=\"elementor-element elementor-element-47980a0 elementor-widget elementor-widget-text-editor\" data-id=\"47980a0\" data-element_type=\"widget\" data-widget_type=\"text-editor.default\">\n\t\t\t\t<div class=\"elementor-widget-container\">\n\t\t\t\t\t\t\t\t<div class=\"elementor-text-editor elementor-clearfix\">\n\t\t\t\t<p><span style=\"color: #800000;\"><strong>Dirigido a:<\/strong><\/span> \u00a0\u00a0LRI\u00b4s y T\u00e9cnicos Radi\u00f3logos.<\/p><p><span style=\"color: #800000;\"><strong>Ubicaci\u00f3n: <\/strong><\/span>Tampico, Tamaulipas, M\u00e9xico.<\/p><p><span style=\"color: #800000;\"><strong>Duraci\u00f3n: <\/strong><\/span>Un Semestre (22 semanas).<span style=\"color: #800000;\"><strong>\u00a0<\/strong><\/span><\/p><p><span style=\"color: #800000;\"><strong>Ciclo A:<\/strong><\/span> Enero &#8211; Junio.\u00a0<\/p><p><span style=\"color: var( --e-global-color-text ); font-weight: var( --e-global-typography-text-font-weight );\">Inicio de Cursos:<\/span><span style=\"color: var( --e-global-color-text ); font-weight: var( --e-global-typography-text-font-weight );\">\u00a0<\/span><span style=\"font-weight: var( --e-global-typography-text-font-weight ); color: #008080;\">Lunes 15 de Enero 2024.<\/span><\/p><p><strong><span style=\"color: #800000;\">Ciclo B:<\/span><\/strong> Julio &#8211; Diciembre.\u00a0<\/p><p><span style=\"color: var( --e-global-color-text ); font-weight: var( --e-global-typography-text-font-weight );\">Inicio de Cursos:<\/span><span style=\"color: var( --e-global-color-text ); font-weight: var( --e-global-typography-text-font-weight );\">\u00a0<\/span><span style=\"font-weight: var( --e-global-typography-text-font-weight ); color: #008080;\">Lunes 15 de Julio 2024.<\/span><\/p><p><span style=\"color: #800000;\"><strong>Horarios:<\/strong><\/span><\/p><p>Grupo Matutino: Lunes a Viernes de 8:00 a.m. a 2:00 p.m.<\/p><p>Grupo Vespertino: Lunes a Viernes de 1:00 a.m. a 7:00 p.m.<\/p><p><span style=\"color: #800000;\"><strong>Beneficios:<\/strong><\/span><\/p><p>&#8211; Recibe una capacitaci\u00f3n integral y gana experiencia profesional <br \/>con la tecnolog\u00eda m\u00e1s avanzada de la regi\u00f3n.<\/p><p>&#8211; Recibe constancia y diploma con valor curricular, avalado por el <br \/>Instituto de Estudios Superiores de Tamaulipas (IEST, An\u00e1huac).<\/p>\t\t\t\t\t<\/div>\n\t\t\t\t\t\t<\/div>\n\t\t\t\t<\/div>\n\t\t\t\t<div class=\"elementor-element elementor-element-f76dcae elementor-widget elementor-widget-spacer\" data-id=\"f76dcae\" data-element_type=\"widget\" data-widget_type=\"spacer.default\">\n\t\t\t\t<div class=\"elementor-widget-container\">\n\t\t\t\t\t<div class=\"elementor-spacer\">\n\t\t\t<div class=\"elementor-spacer-inner\"><\/div>\n\t\t<\/div>\n\t\t\t\t<\/div>\n\t\t\t\t<\/div>\n\t\t\t\t\t\t<\/div>\n\t\t\t\t\t<\/div>\n\t\t<\/div>\n\t\t\t\t<div class=\"elementor-column elementor-col-50 elementor-top-column elementor-element elementor-element-298db0d\" data-id=\"298db0d\" data-element_type=\"column\">\n\t\t\t<div class=\"elementor-column-wrap elementor-element-populated\">\n\t\t\t\t\t\t\t<div class=\"elementor-widget-wrap\">\n\t\t\t\t\t\t<div class=\"elementor-element elementor-element-ffe4b9a elementor-widget elementor-widget-text-editor\" data-id=\"ffe4b9a\" data-element_type=\"widget\" data-widget_type=\"text-editor.default\">\n\t\t\t\t<div class=\"elementor-widget-container\">\n\t\t\t\t\t\t\t\t<div class=\"elementor-text-editor elementor-clearfix\">\n\t\t\t\t<p><span style=\"color: #800000;\"><strong>Proceso de selecci\u00f3n y admisi\u00f3n:<\/strong><\/span><\/p><div>1.-Llena tu solicitud (disponible en esta misma p\u00e1gina).<\/div><div>\u00a0<\/div><div>2.-Adjunta la siguiente documentaci\u00f3n:<\/div><div>\u2022Fotograf\u00eda.<\/div><div>\u2022Acta de Nacimiento.<\/div><div>\u2022Copia de identificaci\u00f3n oficial (credencial\u00a0de\u00a0elector).<\/div><div>\u2022Curriculum Vitae.<\/div><div><p>\u2022Copia de t\u00edtulo profesional o documento que avale tus estudios en radiolog\u00eda e imagen (carta de pasante, constancia de calificaciones, comprobante de examen profesional, tesis, carta membretada de la instituci\u00f3n en la que estudias que avale que est\u00e1s por concluir).<\/p><\/div><p>3.-Comun\u00edcate v\u00eda whatsapp al 8118806910 con el Lic. David Adri\u00e1n P\u00e9rez Ruiz (Coordinador Acad\u00e9mico de IMAX) para confirmar la recepci\u00f3n de tu solicitud.<\/p><p>4.-Espera el mensaje de aceptaci\u00f3n; al recibirlo realiza el pago de tu inscripci\u00f3n para separar tu lugar.<\/p>\t\t\t\t\t<\/div>\n\t\t\t\t\t\t<\/div>\n\t\t\t\t<\/div>\n\t\t\t\t<div class=\"elementor-element elementor-element-1434be4 elementor-widget elementor-widget-text-editor\" data-id=\"1434be4\" data-element_type=\"widget\" data-widget_type=\"text-editor.default\">\n\t\t\t\t<div class=\"elementor-widget-container\">\n\t\t\t\t\t\t\t\t<div class=\"elementor-text-editor elementor-clearfix\">\n\t\t\t\t<p><span style=\"color: #800000;\"><strong>Requisitos de acreditaci\u00f3n:<\/strong><\/span><\/p><div>&#8211; Cumplir con m\u00ednimo 80% de asistencia.\u00a0<\/div><div>&#8211; Aprobar los ex\u00e1menes parciales del CURSO.<\/div><div>&#8211; Liquidar los pagos correspondientes.<\/div><div style=\"text-align: justify;\">\u00a0<\/div>\t\t\t\t\t<\/div>\n\t\t\t\t\t\t<\/div>\n\t\t\t\t<\/div>\n\t\t\t\t\t\t<\/div>\n\t\t\t\t\t<\/div>\n\t\t<\/div>\n\t\t\t\t\t\t\t\t<\/div>\n\t\t\t\t\t<\/div>\n\t\t<\/section>\n\t\t\t\t<section class=\"elementor-section elementor-top-section elementor-element elementor-element-68adc57e elementor-section-boxed elementor-section-height-default elementor-section-height-default\" data-id=\"68adc57e\" data-element_type=\"section\" data-settings=\"{&quot;background_background&quot;:&quot;classic&quot;}\">\n\t\t\t\t\t\t<div class=\"elementor-container elementor-column-gap-default\">\n\t\t\t\t\t\t\t<div class=\"elementor-row\">\n\t\t\t\t\t<div class=\"elementor-column elementor-col-100 elementor-top-column elementor-element elementor-element-674ff23a\" data-id=\"674ff23a\" data-element_type=\"column\">\n\t\t\t<div class=\"elementor-column-wrap elementor-element-populated\">\n\t\t\t\t\t\t\t<div class=\"elementor-widget-wrap\">\n\t\t\t\t\t\t<div class=\"elementor-element elementor-element-7499cd8 elementor-widget elementor-widget-heading\" data-id=\"7499cd8\" data-element_type=\"widget\" data-widget_type=\"heading.default\">\n\t\t\t\t<div class=\"elementor-widget-container\">\n\t\t\t<h1 class=\"elementor-heading-title elementor-size-default\">Solicitud en L\u00ednea<\/h1>\t\t<\/div>\n\t\t\t\t<\/div>\n\t\t\t\t<div class=\"elementor-element elementor-element-e01ae87 elementor-widget elementor-widget-eform_form\" data-id=\"e01ae87\" data-element_type=\"widget\" data-widget_type=\"eform_form.default\">\n\t\t\t\t<div class=\"elementor-widget-container\">\n\t\t\t<style type=\"text\/css\">iframe.wpq-eform-iframe {width: 1px; min-width: 100%; border: 0 none; outline: none;}<\/style><div><div style=\"overflow: auto; -webkit-overflow-scrolling:touch;\"><iframe scrolling=\"no\" style=\" height: 500px;\" allowtransparency=\"true\" class=\"wpq-eform-iframe\" src=\"https:\/\/www.imaxtampico.com\/web\/eforms\/diplomado-practico-en-tecnicas-de-radiologia-e-imagen\/7\/?iframe_embed=1\"><\/iframe><\/div><\/div>\t\t<\/div>\n\t\t\t\t<\/div>\n\t\t\t\t\t\t<\/div>\n\t\t\t\t\t<\/div>\n\t\t<\/div>\n\t\t\t\t\t\t\t\t<\/div>\n\t\t\t\t\t<\/div>\n\t\t<\/section>\n\t\t\t\t<section class=\"elementor-section elementor-top-section elementor-element elementor-element-3626ce9 elementor-section-boxed elementor-section-height-default elementor-section-height-default\" data-id=\"3626ce9\" data-element_type=\"section\">\n\t\t\t\t\t\t<div class=\"elementor-container elementor-column-gap-default\">\n\t\t\t\t\t\t\t<div class=\"elementor-row\">\n\t\t\t\t\t<div class=\"elementor-column elementor-col-100 elementor-top-column elementor-element elementor-element-11d1892\" data-id=\"11d1892\" data-element_type=\"column\">\n\t\t\t<div class=\"elementor-column-wrap\">\n\t\t\t\t\t\t\t<div class=\"elementor-widget-wrap\">\n\t\t\t\t\t\t\t\t<\/div>\n\t\t\t\t\t<\/div>\n\t\t<\/div>\n\t\t\t\t\t\t\t\t<\/div>\n\t\t\t\t\t<\/div>\n\t\t<\/section>\n\t\t\t\t\t\t<\/div>\n\t\t\t\t\t\t<\/div>\n\t\t\t\t\t<\/div>\n\t\t","protected":false},"excerpt":{"rendered":"<p>Dirigido a: \u00a0\u00a0LRI\u00b4s y T\u00e9cnicos Radi\u00f3logos. Ubicaci\u00f3n: Tampico, Tamaulipas, M\u00e9xico. Duraci\u00f3n: Un Semestre (22 semanas).\u00a0 Ciclo A: Enero &#8211; Junio.\u00a0 Inicio de Cursos:\u00a0Lunes 15 de Enero 2024. Ciclo B: Julio &#8211; Diciembre.\u00a0 Inicio de Cursos:\u00a0Lunes 15 de Julio 2024. Horarios: Grupo Matutino: Lunes a Viernes de 8:00 a.m. a 2:00 p.m. Grupo Vespertino: Lunes a [&hellip;]<\/p>\n","protected":false},"author":1,"featured_media":0,"parent":0,"menu_order":0,"comment_status":"closed","ping_status":"closed","template":"template\/full-width-template.php","meta":[],"yoast_head":"<!-- This site is optimized with the Yoast SEO Premium plugin v17.9 (Yoast SEO v21.4) - https:\/\/yoast.com\/wordpress\/plugins\/seo\/ -->\n<title>Diplomado Pr\u00e1ctico en T\u00e9cnicas de Radiolog\u00eda e Imagen - IMAX Tampico<\/title>\n<meta name=\"robots\" content=\"index, follow, max-snippet:-1, max-image-preview:large, max-video-preview:-1\" \/>\n<link rel=\"canonical\" href=\"https:\/\/www.imaxtampico.com\/web\/diplomados-imax-tecnicas-radiologia\/\" \/>\n<meta property=\"og:locale\" content=\"es_ES\" \/>\n<meta property=\"og:type\" content=\"article\" \/>\n<meta property=\"og:title\" content=\"Diplomado Pr\u00e1ctico en T\u00e9cnicas de Radiolog\u00eda e Imagen\" \/>\n<meta property=\"og:description\" content=\"Dirigido a: \u00a0\u00a0LRI\u00b4s y T\u00e9cnicos Radi\u00f3logos. Ubicaci\u00f3n: Tampico, Tamaulipas, M\u00e9xico. Duraci\u00f3n: Un Semestre (22 semanas).\u00a0 Ciclo A: Enero &#8211; Junio.\u00a0 Inicio de Cursos:\u00a0Lunes 15 de Enero 2024. Ciclo B: Julio &#8211; Diciembre.\u00a0 Inicio de Cursos:\u00a0Lunes 15 de Julio 2024. Horarios: Grupo Matutino: Lunes a Viernes de 8:00 a.m. a 2:00 p.m. Grupo Vespertino: Lunes a [&hellip;]\" \/>\n<meta property=\"og:url\" content=\"https:\/\/www.imaxtampico.com\/web\/diplomados-imax-tecnicas-radiologia\/\" \/>\n<meta property=\"og:site_name\" content=\"IMAX Tampico\" \/>\n<meta property=\"article:publisher\" content=\"https:\/\/www.facebook.com\/imagenmaxima\" \/>\n<meta property=\"article:modified_time\" content=\"2023-09-01T21:41:52+00:00\" \/>\n<meta property=\"og:image\" content=\"http:\/\/www.imaxtampico.com\/web\/wp-content\/uploads\/2023\/09\/portadas-diplomados-imax-resonancia-new-3-1536x864.png\" \/>\n<meta name=\"twitter:card\" content=\"summary_large_image\" \/>\n<meta name=\"twitter:label1\" content=\"Tiempo de lectura\" \/>\n\t<meta name=\"twitter:data1\" content=\"3 minutos\" \/>\n<script type=\"application\/ld+json\" class=\"yoast-schema-graph\">{\"@context\":\"https:\/\/schema.org\",\"@graph\":[{\"@type\":\"WebPage\",\"@id\":\"https:\/\/www.imaxtampico.com\/web\/diplomados-imax-tecnicas-radiologia\/\",\"url\":\"https:\/\/www.imaxtampico.com\/web\/diplomados-imax-tecnicas-radiologia\/\",\"name\":\"Diplomado Pr\u00e1ctico en T\u00e9cnicas de Radiolog\u00eda e Imagen - IMAX Tampico\",\"isPartOf\":{\"@id\":\"https:\/\/www.imaxtampico.com\/web\/#website\"},\"datePublished\":\"2022-08-23T17:42:34+00:00\",\"dateModified\":\"2023-09-01T21:41:52+00:00\",\"breadcrumb\":{\"@id\":\"https:\/\/www.imaxtampico.com\/web\/diplomados-imax-tecnicas-radiologia\/#breadcrumb\"},\"inLanguage\":\"es\",\"potentialAction\":[{\"@type\":\"ReadAction\",\"target\":[\"https:\/\/www.imaxtampico.com\/web\/diplomados-imax-tecnicas-radiologia\/\"]}]},{\"@type\":\"BreadcrumbList\",\"@id\":\"https:\/\/www.imaxtampico.com\/web\/diplomados-imax-tecnicas-radiologia\/#breadcrumb\",\"itemListElement\":[{\"@type\":\"ListItem\",\"position\":1,\"name\":\"Home\",\"item\":\"https:\/\/www.imaxtampico.com\/web\/\"},{\"@type\":\"ListItem\",\"position\":2,\"name\":\"Diplomado Pr\u00e1ctico en T\u00e9cnicas de Radiolog\u00eda e Imagen\"}]},{\"@type\":\"WebSite\",\"@id\":\"https:\/\/www.imaxtampico.com\/web\/#website\",\"url\":\"https:\/\/www.imaxtampico.com\/web\/\",\"name\":\"IMAX Tampico\",\"description\":\"CENTRO DE IMAGENOLOGIA INTEGRAL Nuestra Experiencia y Tecnolog\u00eda de primer mundo, hacen la diferencia.\",\"publisher\":{\"@id\":\"https:\/\/www.imaxtampico.com\/web\/#organization\"},\"potentialAction\":[{\"@type\":\"SearchAction\",\"target\":{\"@type\":\"EntryPoint\",\"urlTemplate\":\"https:\/\/www.imaxtampico.com\/web\/?s={search_term_string}\"},\"query-input\":\"required name=search_term_string\"}],\"inLanguage\":\"es\"},{\"@type\":\"Organization\",\"@id\":\"https:\/\/www.imaxtampico.com\/web\/#organization\",\"name\":\"IMAX Tampico\",\"url\":\"https:\/\/www.imaxtampico.com\/web\/\",\"logo\":{\"@type\":\"ImageObject\",\"inLanguage\":\"es\",\"@id\":\"https:\/\/www.imaxtampico.com\/web\/#\/schema\/logo\/image\/\",\"url\":\"http:\/\/www.imaxtampico.com\/web\/wp-content\/uploads\/2021\/08\/imax-logo.png\",\"contentUrl\":\"http:\/\/www.imaxtampico.com\/web\/wp-content\/uploads\/2021\/08\/imax-logo.png\",\"width\":148,\"height\":90,\"caption\":\"IMAX Tampico\"},\"image\":{\"@id\":\"https:\/\/www.imaxtampico.com\/web\/#\/schema\/logo\/image\/\"},\"sameAs\":[\"https:\/\/www.facebook.com\/imagenmaxima\",\"https:\/\/www.instagram.com\/imaxtampico21\/\",\"https:\/\/www.linkedin.com\/company\/imaxtampico\",\"https:\/\/www.youtube.com\/channel\/UCfQN6qrP6yVsy8XJnOqIAEg\"]}]}<\/script>\n<!-- \/ Yoast SEO Premium plugin. -->","yoast_head_json":{"title":"Diplomado Pr\u00e1ctico en T\u00e9cnicas de Radiolog\u00eda e Imagen - IMAX Tampico","robots":{"index":"index","follow":"follow","max-snippet":"max-snippet:-1","max-image-preview":"max-image-preview:large","max-video-preview":"max-video-preview:-1"},"canonical":"https:\/\/www.imaxtampico.com\/web\/diplomados-imax-tecnicas-radiologia\/","og_locale":"es_ES","og_type":"article","og_title":"Diplomado Pr\u00e1ctico en T\u00e9cnicas de Radiolog\u00eda e Imagen","og_description":"Dirigido a: \u00a0\u00a0LRI\u00b4s y T\u00e9cnicos Radi\u00f3logos. Ubicaci\u00f3n: Tampico, Tamaulipas, M\u00e9xico. Duraci\u00f3n: Un Semestre (22 semanas).\u00a0 Ciclo A: Enero &#8211; Junio.\u00a0 Inicio de Cursos:\u00a0Lunes 15 de Enero 2024. Ciclo B: Julio &#8211; Diciembre.\u00a0 Inicio de Cursos:\u00a0Lunes 15 de Julio 2024. Horarios: Grupo Matutino: Lunes a Viernes de 8:00 a.m. a 2:00 p.m. Grupo Vespertino: Lunes a [&hellip;]","og_url":"https:\/\/www.imaxtampico.com\/web\/diplomados-imax-tecnicas-radiologia\/","og_site_name":"IMAX Tampico","article_publisher":"https:\/\/www.facebook.com\/imagenmaxima","article_modified_time":"2023-09-01T21:41:52+00:00","og_image":[{"url":"http:\/\/www.imaxtampico.com\/web\/wp-content\/uploads\/2023\/09\/portadas-diplomados-imax-resonancia-new-3-1536x864.png"}],"twitter_card":"summary_large_image","twitter_misc":{"Tiempo de lectura":"3 minutos"},"schema":{"@context":"https:\/\/schema.org","@graph":[{"@type":"WebPage","@id":"https:\/\/www.imaxtampico.com\/web\/diplomados-imax-tecnicas-radiologia\/","url":"https:\/\/www.imaxtampico.com\/web\/diplomados-imax-tecnicas-radiologia\/","name":"Diplomado Pr\u00e1ctico en T\u00e9cnicas de Radiolog\u00eda e Imagen - IMAX Tampico","isPartOf":{"@id":"https:\/\/www.imaxtampico.com\/web\/#website"},"datePublished":"2022-08-23T17:42:34+00:00","dateModified":"2023-09-01T21:41:52+00:00","breadcrumb":{"@id":"https:\/\/www.imaxtampico.com\/web\/diplomados-imax-tecnicas-radiologia\/#breadcrumb"},"inLanguage":"es","potentialAction":[{"@type":"ReadAction","target":["https:\/\/www.imaxtampico.com\/web\/diplomados-imax-tecnicas-radiologia\/"]}]},{"@type":"BreadcrumbList","@id":"https:\/\/www.imaxtampico.com\/web\/diplomados-imax-tecnicas-radiologia\/#breadcrumb","itemListElement":[{"@type":"ListItem","position":1,"name":"Home","item":"https:\/\/www.imaxtampico.com\/web\/"},{"@type":"ListItem","position":2,"name":"Diplomado Pr\u00e1ctico en T\u00e9cnicas de Radiolog\u00eda e Imagen"}]},{"@type":"WebSite","@id":"https:\/\/www.imaxtampico.com\/web\/#website","url":"https:\/\/www.imaxtampico.com\/web\/","name":"IMAX Tampico","description":"CENTRO DE IMAGENOLOGIA INTEGRAL Nuestra Experiencia y Tecnolog\u00eda de primer mundo, hacen la diferencia.","publisher":{"@id":"https:\/\/www.imaxtampico.com\/web\/#organization"},"potentialAction":[{"@type":"SearchAction","target":{"@type":"EntryPoint","urlTemplate":"https:\/\/www.imaxtampico.com\/web\/?s={search_term_string}"},"query-input":"required name=search_term_string"}],"inLanguage":"es"},{"@type":"Organization","@id":"https:\/\/www.imaxtampico.com\/web\/#organization","name":"IMAX Tampico","url":"https:\/\/www.imaxtampico.com\/web\/","logo":{"@type":"ImageObject","inLanguage":"es","@id":"https:\/\/www.imaxtampico.com\/web\/#\/schema\/logo\/image\/","url":"http:\/\/www.imaxtampico.com\/web\/wp-content\/uploads\/2021\/08\/imax-logo.png","contentUrl":"http:\/\/www.imaxtampico.com\/web\/wp-content\/uploads\/2021\/08\/imax-logo.png","width":148,"height":90,"caption":"IMAX Tampico"},"image":{"@id":"https:\/\/www.imaxtampico.com\/web\/#\/schema\/logo\/image\/"},"sameAs":["https:\/\/www.facebook.com\/imagenmaxima","https:\/\/www.instagram.com\/imaxtampico21\/","https:\/\/www.linkedin.com\/company\/imaxtampico","https:\/\/www.youtube.com\/channel\/UCfQN6qrP6yVsy8XJnOqIAEg"]}]}},"_links":{"self":[{"href":"https:\/\/www.imaxtampico.com\/web\/wp-json\/wp\/v2\/pages\/9553"}],"collection":[{"href":"https:\/\/www.imaxtampico.com\/web\/wp-json\/wp\/v2\/pages"}],"about":[{"href":"https:\/\/www.imaxtampico.com\/web\/wp-json\/wp\/v2\/types\/page"}],"author":[{"embeddable":true,"href":"https:\/\/www.imaxtampico.com\/web\/wp-json\/wp\/v2\/users\/1"}],"replies":[{"embeddable":true,"href":"https:\/\/www.imaxtampico.com\/web\/wp-json\/wp\/v2\/comments?post=9553"}],"version-history":[{"count":99,"href":"https:\/\/www.imaxtampico.com\/web\/wp-json\/wp\/v2\/pages\/9553\/revisions"}],"predecessor-version":[{"id":13455,"href":"https:\/\/www.imaxtampico.com\/web\/wp-json\/wp\/v2\/pages\/9553\/revisions\/13455"}],"wp:attachment":[{"href":"https:\/\/www.imaxtampico.com\/web\/wp-json\/wp\/v2\/media?parent=9553"}],"curies":[{"name":"wp","href":"https:\/\/api.w.org\/{rel}","templated":true}]}}