{"id":3,"date":"2019-08-19T03:25:38","date_gmt":"2019-08-19T03:25:38","guid":{"rendered":"http:\/\/www.imaxtampico.com\/web\/?page_id=3"},"modified":"2021-08-05T16:28:30","modified_gmt":"2021-08-05T16:28:30","slug":"politica","status":"publish","type":"page","link":"https:\/\/www.imaxtampico.com\/web\/politica\/","title":{"rendered":"Politica de Privacidad"},"content":{"rendered":"\t\t<div data-elementor-type=\"wp-page\" data-elementor-id=\"3\" class=\"elementor elementor-3\" data-elementor-settings=\"[]\">\n\t\t\t\t\t\t<div class=\"elementor-inner\">\n\t\t\t\t\t\t\t<div class=\"elementor-section-wrap\">\n\t\t\t\t\t\t\t<section class=\"elementor-section elementor-top-section elementor-element elementor-element-61aed45 elementor-section-boxed elementor-section-height-default elementor-section-height-default\" data-id=\"61aed45\" data-element_type=\"section\">\n\t\t\t\t\t\t<div class=\"elementor-container elementor-column-gap-default\">\n\t\t\t\t\t\t\t<div class=\"elementor-row\">\n\t\t\t\t\t<div class=\"elementor-column elementor-col-100 elementor-top-column elementor-element elementor-element-7fa2f11\" data-id=\"7fa2f11\" data-element_type=\"column\">\n\t\t\t<div class=\"elementor-column-wrap elementor-element-populated\">\n\t\t\t\t\t\t\t<div class=\"elementor-widget-wrap\">\n\t\t\t\t\t\t<div class=\"elementor-element elementor-element-65ef00f elementor-widget elementor-widget-image\" data-id=\"65ef00f\" data-element_type=\"widget\" data-widget_type=\"image.default\">\n\t\t\t\t<div class=\"elementor-widget-container\">\n\t\t\t\t\t\t\t\t<div class=\"elementor-image\">\n\t\t\t\t\t\t\t\t\t\t\t\t<img decoding=\"async\" width=\"150\" height=\"90\" src=\"https:\/\/www.imaxtampico.com\/web\/wp-content\/uploads\/2021\/08\/web-logo-imax.png\" class=\"attachment-full size-full\" alt=\"\" loading=\"lazy\" \/>\t\t\t\t\t\t\t\t\t\t\t\t\t\t<\/div>\n\t\t\t\t\t\t<\/div>\n\t\t\t\t<\/div>\n\t\t\t\t\t\t<\/div>\n\t\t\t\t\t<\/div>\n\t\t<\/div>\n\t\t\t\t\t\t\t\t<\/div>\n\t\t\t\t\t<\/div>\n\t\t<\/section>\n\t\t\t\t<section class=\"elementor-section elementor-top-section elementor-element elementor-element-2ef830f2 elementor-section-boxed elementor-section-height-default elementor-section-height-default\" data-id=\"2ef830f2\" data-element_type=\"section\">\n\t\t\t\t\t\t<div class=\"elementor-container elementor-column-gap-default\">\n\t\t\t\t\t\t\t<div class=\"elementor-row\">\n\t\t\t\t\t<div class=\"elementor-column elementor-col-100 elementor-top-column elementor-element elementor-element-47af529\" data-id=\"47af529\" data-element_type=\"column\">\n\t\t\t<div class=\"elementor-column-wrap elementor-element-populated\">\n\t\t\t\t\t\t\t<div class=\"elementor-widget-wrap\">\n\t\t\t\t\t\t<div class=\"elementor-element elementor-element-2dbf5340 elementor-widget elementor-widget-text-editor\" data-id=\"2dbf5340\" data-element_type=\"widget\" data-widget_type=\"text-editor.default\">\n\t\t\t\t<div class=\"elementor-widget-container\">\n\t\t\t\t\t\t\t\t<div class=\"elementor-text-editor elementor-clearfix\">\n\t\t\t\t<div class=\"page-header\">\n<h1 style=\"text-align: center;\"><span style=\"color: #333333;\">Pol\u00edtica del sitio web.<\/span><\/h1>\n<\/div>\n<p><strong>1. Protecci\u00f3n de Datos.\u00a0<\/strong>La instituci\u00f3n maneja la informaci\u00f3n del usuario con los niveles m\u00e1ximos de protecci\u00f3n posibles en un sistema automatizado de tratamiento de datos. La informaci\u00f3n del usuario se incorpora a bases de datos y archivos propiedad de la instituci\u00f3n y s\u00f3lo son accedidos por personal interno de la empresa.<\/p>\n<p>La informaci\u00f3n del usuario se almacena en los servidores de la instituci\u00f3n y se conserva en el entorno m\u00e1s seguro posible, con todo tipo de medidas de seguridad f\u00edsica y tecnol\u00f3gica y se trata con la m\u00e1s absoluta confidencialidad.<\/p>\n<p><strong>2. Seguridad de la informaci\u00f3n.\u00a0<\/strong>La instituci\u00f3n ha empleado todos los sistemas y medidas t\u00e9cnicas a su alcance para evitar la p\u00e9rdida, mal uso, alteraci\u00f3n, acceso no autorizado y sustracci\u00f3n de los datos facilitados por el usuario.<\/p>\n<p>No obstante, el usuario debe ser consciente de que las medidas de seguridad en Internet no son inexpugnables.<\/p>\n<p><strong>3. Recopilaci\u00f3n y utilizaci\u00f3n de la informaci\u00f3n del usuario.\u00a0<\/strong>Al registrarse en el sitio web, la instituci\u00f3n puede pedir determinada informaci\u00f3n, para remitirle la informaci\u00f3n o servicios disponibles que \u00e9ste nos solicite. La instituci\u00f3n procesar\u00e1 la Informaci\u00f3n del usuario siempre que ello constituya un requisito para proporcionarle un mejor servicio. La instituci\u00f3n asume el compromiso de no recopilar informaci\u00f3n innecesaria sobre el usuario.<\/p>\n<p><strong>4. An\u00e1lisis de la informaci\u00f3n de bit\u00e1coras.\u00a0<\/strong>La instituci\u00f3n puede almacenar y hacer uso de las direcciones IP que figuran en los archivos &#8216;log&#8217; o bit\u00e1cora a fin de analizar para uso interno las tendencias, administrar el sitio y realizar un seguimiento de la utilizaci\u00f3n del sitio en su conjunto. La informaci\u00f3n global recogida puede utilizarse para personalizar la respuesta al usuario. La instituci\u00f3n no asocia direcciones IP con informaci\u00f3n identificable personalmente.<\/p>\n<p><strong>5. Cesi\u00f3n de informaci\u00f3n a terceros.\u00a0<\/strong>La instituci\u00f3n puede ceder informaci\u00f3n del usuario a otras instituciones y \u00fanicamente en el caso que el usuario lo autorice en forma expresa a trav\u00e9s del sitio Web.<\/p>\n<p>Con excepci\u00f3n del caso anterior, la instituci\u00f3n no vende, cede, ni transmite en modo alguno, informaci\u00f3n de sus usuarios a terceros.<\/p>\n<p><strong>6. Aplicabilidad a otros sitios web.\u00a0<\/strong>El sitio web de la instituci\u00f3n puede contener enlaces a otros sitios. La instituci\u00f3n no dispone de control alguno ni ostenta responsabilidad alguna sobre las pol\u00edticas o medidas de protecci\u00f3n de datos de otros sitios web.<\/p>\n<p><strong>7. Utilizaci\u00f3n de la direcci\u00f3n de correo electr\u00f3nico del usuario.\u00a0<\/strong>La instituci\u00f3n puede remitir correos electr\u00f3nicos al usuario una vez \u00e9ste facilite su direcci\u00f3n y bajo las condiciones expresamente aceptadas por \u00e9ste.<\/p>\n<p>En protecci\u00f3n de la privacidad del usuario, \u00e9ste dispone de control absoluto sobre la recepci\u00f3n de dichos correos.<\/p>\n<p><strong>8. Cambios en la pol\u00edtica de seguridad y protecci\u00f3n de datos.\u00a0<\/strong>La instituci\u00f3n se reserva el derecho de mejorar continuamente su pol\u00edtica de seguridad y protecci\u00f3n de datos de forma discrecional, siempre con arreglo a la legislaci\u00f3n vigente en materia de protecci\u00f3n de datos, con efectos de la fecha de publicaci\u00f3n de dicha modificaci\u00f3n en el sitio web de la instituci\u00f3n.<\/p>\t\t\t\t\t<\/div>\n\t\t\t\t\t\t<\/div>\n\t\t\t\t<\/div>\n\t\t\t\t\t\t<\/div>\n\t\t\t\t\t<\/div>\n\t\t<\/div>\n\t\t\t\t\t\t\t\t<\/div>\n\t\t\t\t\t<\/div>\n\t\t<\/section>\n\t\t\t\t\t\t<\/div>\n\t\t\t\t\t\t<\/div>\n\t\t\t\t\t<\/div>\n\t\t","protected":false},"excerpt":{"rendered":"<p>Pol\u00edtica del sitio web. 1. Protecci\u00f3n de Datos.\u00a0La instituci\u00f3n maneja la informaci\u00f3n del usuario con los niveles m\u00e1ximos de protecci\u00f3n posibles en un sistema automatizado de tratamiento de datos. La informaci\u00f3n del usuario se incorpora a bases de datos y archivos propiedad de la instituci\u00f3n y s\u00f3lo son accedidos por personal interno de la empresa. [&hellip;]<\/p>\n","protected":false},"author":1,"featured_media":0,"parent":0,"menu_order":0,"comment_status":"closed","ping_status":"open","template":"","meta":[],"yoast_head":"<!-- This site is optimized with the Yoast SEO Premium plugin v17.9 (Yoast SEO v21.4) - https:\/\/yoast.com\/wordpress\/plugins\/seo\/ -->\n<title>Politica de Privacidad - IMAX Tampico<\/title>\n<meta name=\"robots\" content=\"index, follow, max-snippet:-1, max-image-preview:large, max-video-preview:-1\" \/>\n<link rel=\"canonical\" href=\"http:\/\/www.imaxtampico.com\/web\/politica\/\" \/>\n<meta property=\"og:locale\" content=\"es_ES\" \/>\n<meta property=\"og:type\" content=\"article\" \/>\n<meta property=\"og:title\" content=\"Politica de Privacidad\" \/>\n<meta property=\"og:description\" content=\"Pol\u00edtica del sitio web. 1. Protecci\u00f3n de Datos.\u00a0La instituci\u00f3n maneja la informaci\u00f3n del usuario con los niveles m\u00e1ximos de protecci\u00f3n posibles en un sistema automatizado de tratamiento de datos. La informaci\u00f3n del usuario se incorpora a bases de datos y archivos propiedad de la instituci\u00f3n y s\u00f3lo son accedidos por personal interno de la empresa. [&hellip;]\" \/>\n<meta property=\"og:url\" content=\"http:\/\/www.imaxtampico.com\/web\/politica\/\" \/>\n<meta property=\"og:site_name\" content=\"IMAX Tampico\" \/>\n<meta property=\"article:publisher\" content=\"https:\/\/www.facebook.com\/imagenmaxima\" \/>\n<meta property=\"article:modified_time\" content=\"2021-08-05T16:28:30+00:00\" \/>\n<meta property=\"og:image\" content=\"http:\/\/www.imaxtampico.com\/web\/wp-content\/uploads\/2021\/08\/web-logo-imax.png\" \/>\n<meta name=\"twitter:card\" content=\"summary_large_image\" \/>\n<meta name=\"twitter:label1\" content=\"Tiempo de lectura\" \/>\n\t<meta name=\"twitter:data1\" content=\"3 minutos\" \/>\n<script type=\"application\/ld+json\" class=\"yoast-schema-graph\">{\"@context\":\"https:\/\/schema.org\",\"@graph\":[{\"@type\":\"WebPage\",\"@id\":\"http:\/\/www.imaxtampico.com\/web\/politica\/\",\"url\":\"http:\/\/www.imaxtampico.com\/web\/politica\/\",\"name\":\"Politica de Privacidad - IMAX Tampico\",\"isPartOf\":{\"@id\":\"https:\/\/www.imaxtampico.com\/web\/#website\"},\"datePublished\":\"2019-08-19T03:25:38+00:00\",\"dateModified\":\"2021-08-05T16:28:30+00:00\",\"breadcrumb\":{\"@id\":\"http:\/\/www.imaxtampico.com\/web\/politica\/#breadcrumb\"},\"inLanguage\":\"es\",\"potentialAction\":[{\"@type\":\"ReadAction\",\"target\":[\"http:\/\/www.imaxtampico.com\/web\/politica\/\"]}]},{\"@type\":\"BreadcrumbList\",\"@id\":\"http:\/\/www.imaxtampico.com\/web\/politica\/#breadcrumb\",\"itemListElement\":[{\"@type\":\"ListItem\",\"position\":1,\"name\":\"Home\",\"item\":\"https:\/\/www.imaxtampico.com\/web\/\"},{\"@type\":\"ListItem\",\"position\":2,\"name\":\"Politica de Privacidad\"}]},{\"@type\":\"WebSite\",\"@id\":\"https:\/\/www.imaxtampico.com\/web\/#website\",\"url\":\"https:\/\/www.imaxtampico.com\/web\/\",\"name\":\"IMAX Tampico\",\"description\":\"CENTRO DE IMAGENOLOGIA INTEGRAL Nuestra Experiencia y Tecnolog\u00eda de primer mundo, hacen la diferencia.\",\"publisher\":{\"@id\":\"https:\/\/www.imaxtampico.com\/web\/#organization\"},\"potentialAction\":[{\"@type\":\"SearchAction\",\"target\":{\"@type\":\"EntryPoint\",\"urlTemplate\":\"https:\/\/www.imaxtampico.com\/web\/?s={search_term_string}\"},\"query-input\":\"required name=search_term_string\"}],\"inLanguage\":\"es\"},{\"@type\":\"Organization\",\"@id\":\"https:\/\/www.imaxtampico.com\/web\/#organization\",\"name\":\"IMAX Tampico\",\"url\":\"https:\/\/www.imaxtampico.com\/web\/\",\"logo\":{\"@type\":\"ImageObject\",\"inLanguage\":\"es\",\"@id\":\"https:\/\/www.imaxtampico.com\/web\/#\/schema\/logo\/image\/\",\"url\":\"http:\/\/www.imaxtampico.com\/web\/wp-content\/uploads\/2021\/08\/imax-logo.png\",\"contentUrl\":\"http:\/\/www.imaxtampico.com\/web\/wp-content\/uploads\/2021\/08\/imax-logo.png\",\"width\":148,\"height\":90,\"caption\":\"IMAX Tampico\"},\"image\":{\"@id\":\"https:\/\/www.imaxtampico.com\/web\/#\/schema\/logo\/image\/\"},\"sameAs\":[\"https:\/\/www.facebook.com\/imagenmaxima\",\"https:\/\/www.instagram.com\/imaxtampico21\/\",\"https:\/\/www.linkedin.com\/company\/imaxtampico\",\"https:\/\/www.youtube.com\/channel\/UCfQN6qrP6yVsy8XJnOqIAEg\"]}]}<\/script>\n<!-- \/ Yoast SEO Premium plugin. -->","yoast_head_json":{"title":"Politica de Privacidad - IMAX Tampico","robots":{"index":"index","follow":"follow","max-snippet":"max-snippet:-1","max-image-preview":"max-image-preview:large","max-video-preview":"max-video-preview:-1"},"canonical":"http:\/\/www.imaxtampico.com\/web\/politica\/","og_locale":"es_ES","og_type":"article","og_title":"Politica de Privacidad","og_description":"Pol\u00edtica del sitio web. 1. Protecci\u00f3n de Datos.\u00a0La instituci\u00f3n maneja la informaci\u00f3n del usuario con los niveles m\u00e1ximos de protecci\u00f3n posibles en un sistema automatizado de tratamiento de datos. La informaci\u00f3n del usuario se incorpora a bases de datos y archivos propiedad de la instituci\u00f3n y s\u00f3lo son accedidos por personal interno de la empresa. [&hellip;]","og_url":"http:\/\/www.imaxtampico.com\/web\/politica\/","og_site_name":"IMAX Tampico","article_publisher":"https:\/\/www.facebook.com\/imagenmaxima","article_modified_time":"2021-08-05T16:28:30+00:00","og_image":[{"url":"http:\/\/www.imaxtampico.com\/web\/wp-content\/uploads\/2021\/08\/web-logo-imax.png"}],"twitter_card":"summary_large_image","twitter_misc":{"Tiempo de lectura":"3 minutos"},"schema":{"@context":"https:\/\/schema.org","@graph":[{"@type":"WebPage","@id":"http:\/\/www.imaxtampico.com\/web\/politica\/","url":"http:\/\/www.imaxtampico.com\/web\/politica\/","name":"Politica de Privacidad - IMAX Tampico","isPartOf":{"@id":"https:\/\/www.imaxtampico.com\/web\/#website"},"datePublished":"2019-08-19T03:25:38+00:00","dateModified":"2021-08-05T16:28:30+00:00","breadcrumb":{"@id":"http:\/\/www.imaxtampico.com\/web\/politica\/#breadcrumb"},"inLanguage":"es","potentialAction":[{"@type":"ReadAction","target":["http:\/\/www.imaxtampico.com\/web\/politica\/"]}]},{"@type":"BreadcrumbList","@id":"http:\/\/www.imaxtampico.com\/web\/politica\/#breadcrumb","itemListElement":[{"@type":"ListItem","position":1,"name":"Home","item":"https:\/\/www.imaxtampico.com\/web\/"},{"@type":"ListItem","position":2,"name":"Politica de Privacidad"}]},{"@type":"WebSite","@id":"https:\/\/www.imaxtampico.com\/web\/#website","url":"https:\/\/www.imaxtampico.com\/web\/","name":"IMAX Tampico","description":"CENTRO DE IMAGENOLOGIA INTEGRAL Nuestra Experiencia y Tecnolog\u00eda de primer mundo, hacen la diferencia.","publisher":{"@id":"https:\/\/www.imaxtampico.com\/web\/#organization"},"potentialAction":[{"@type":"SearchAction","target":{"@type":"EntryPoint","urlTemplate":"https:\/\/www.imaxtampico.com\/web\/?s={search_term_string}"},"query-input":"required name=search_term_string"}],"inLanguage":"es"},{"@type":"Organization","@id":"https:\/\/www.imaxtampico.com\/web\/#organization","name":"IMAX Tampico","url":"https:\/\/www.imaxtampico.com\/web\/","logo":{"@type":"ImageObject","inLanguage":"es","@id":"https:\/\/www.imaxtampico.com\/web\/#\/schema\/logo\/image\/","url":"http:\/\/www.imaxtampico.com\/web\/wp-content\/uploads\/2021\/08\/imax-logo.png","contentUrl":"http:\/\/www.imaxtampico.com\/web\/wp-content\/uploads\/2021\/08\/imax-logo.png","width":148,"height":90,"caption":"IMAX Tampico"},"image":{"@id":"https:\/\/www.imaxtampico.com\/web\/#\/schema\/logo\/image\/"},"sameAs":["https:\/\/www.facebook.com\/imagenmaxima","https:\/\/www.instagram.com\/imaxtampico21\/","https:\/\/www.linkedin.com\/company\/imaxtampico","https:\/\/www.youtube.com\/channel\/UCfQN6qrP6yVsy8XJnOqIAEg"]}]}},"_links":{"self":[{"href":"https:\/\/www.imaxtampico.com\/web\/wp-json\/wp\/v2\/pages\/3"}],"collection":[{"href":"https:\/\/www.imaxtampico.com\/web\/wp-json\/wp\/v2\/pages"}],"about":[{"href":"https:\/\/www.imaxtampico.com\/web\/wp-json\/wp\/v2\/types\/page"}],"author":[{"embeddable":true,"href":"https:\/\/www.imaxtampico.com\/web\/wp-json\/wp\/v2\/users\/1"}],"replies":[{"embeddable":true,"href":"https:\/\/www.imaxtampico.com\/web\/wp-json\/wp\/v2\/comments?post=3"}],"version-history":[{"count":7,"href":"https:\/\/www.imaxtampico.com\/web\/wp-json\/wp\/v2\/pages\/3\/revisions"}],"predecessor-version":[{"id":6848,"href":"https:\/\/www.imaxtampico.com\/web\/wp-json\/wp\/v2\/pages\/3\/revisions\/6848"}],"wp:attachment":[{"href":"https:\/\/www.imaxtampico.com\/web\/wp-json\/wp\/v2\/media?parent=3"}],"curies":[{"name":"wp","href":"https:\/\/api.w.org\/{rel}","templated":true}]}}