{"id":12574,"date":"2023-05-18T19:38:57","date_gmt":"2023-05-18T19:38:57","guid":{"rendered":"https:\/\/www.imaxtampico.com\/web\/?page_id=12574"},"modified":"2023-05-18T19:39:01","modified_gmt":"2023-05-18T19:39:01","slug":"tecnologiaeinnovacionnews","status":"publish","type":"page","link":"https:\/\/www.imaxtampico.com\/web\/tecnologiaeinnovacionnews\/","title":{"rendered":"Blog IMAX &#8211; Tecnolog\u00eda e Innovaci\u00f3n"},"content":{"rendered":"\t\t<div data-elementor-type=\"wp-post\" data-elementor-id=\"12574\" class=\"elementor elementor-12574\" data-elementor-settings=\"[]\">\n\t\t\t\t\t\t<div class=\"elementor-inner\">\n\t\t\t\t\t\t\t<div class=\"elementor-section-wrap\">\n\t\t\t\t\t\t\t<section class=\"elementor-section elementor-top-section elementor-element elementor-element-1869f23 elementor-section-boxed elementor-section-height-default elementor-section-height-default\" data-id=\"1869f23\" data-element_type=\"section\">\n\t\t\t\t\t\t<div class=\"elementor-container elementor-column-gap-default\">\n\t\t\t\t\t\t\t<div class=\"elementor-row\">\n\t\t\t\t\t<div class=\"elementor-column elementor-col-100 elementor-top-column elementor-element elementor-element-747ebd0\" data-id=\"747ebd0\" data-element_type=\"column\">\n\t\t\t<div class=\"elementor-column-wrap\">\n\t\t\t\t\t\t\t<div class=\"elementor-widget-wrap\">\n\t\t\t\t\t\t\t\t<\/div>\n\t\t\t\t\t<\/div>\n\t\t<\/div>\n\t\t\t\t\t\t\t\t<\/div>\n\t\t\t\t\t<\/div>\n\t\t<\/section>\n\t\t\t\t<section class=\"elementor-section elementor-top-section elementor-element elementor-element-4ce7087 elementor-section-boxed elementor-section-height-default elementor-section-height-default\" data-id=\"4ce7087\" data-element_type=\"section\">\n\t\t\t\t\t\t<div class=\"elementor-container elementor-column-gap-default\">\n\t\t\t\t\t\t\t<div class=\"elementor-row\">\n\t\t\t\t\t<div class=\"elementor-column elementor-col-100 elementor-top-column elementor-element elementor-element-e9a19a0\" data-id=\"e9a19a0\" data-element_type=\"column\">\n\t\t\t<div class=\"elementor-column-wrap elementor-element-populated\">\n\t\t\t\t\t\t\t<div class=\"elementor-widget-wrap\">\n\t\t\t\t\t\t<div class=\"elementor-element elementor-element-b682128 elementor-widget elementor-widget-elementskit-post-list\" data-id=\"b682128\" data-element_type=\"widget\" data-widget_type=\"elementskit-post-list.default\">\n\t\t\t\t<div class=\"elementor-widget-container\">\n\t\t\t<div class=\"ekit-wid-con\" >\t\t<ul class=\"elementor-icon-list-items ekit-post-list-wrapper \">\n\t\t\t\t\t\t<li class=\"elementor-icon-list-item   \">\n\t\t\t\t<a href=\"https:\/\/www.imaxtampico.com\/web\/graduacion-alta-especialidad-en-imagen-de-la-mama\/\" >\n\t\t\t\t\t\t\t\t\t\t\t\t\t<span class=\"elementor-icon-list-icon\">\n\t\t\t\t\t\t\t\t\t<i aria-hidden=\"true\" class=\"fas fa-circle\"><\/i>\t\t\t\t\t\t\t\t<\/span>\n\t\t\t\t\t\t\t\t\t\t\t\t<div class=\"ekit_post_list_content_wraper\">\n\t\t\t\t\t\t\n\t\t\t\t\t\t<span class=\"elementor-icon-list-text\">Alta Especialidad en Imagen de la Mama<\/span>\n\n\t\t\t\t\t\t\t\t\t\t\t<\/div>\n\t\t\t\t<\/a>\n\t\t\t<\/li>\n\t\t\t\t<\/ul>\n\t\t<\/div>\t\t<\/div>\n\t\t\t\t<\/div>\n\t\t\t\t\t\t<\/div>\n\t\t\t\t\t<\/div>\n\t\t<\/div>\n\t\t\t\t\t\t\t\t<\/div>\n\t\t\t\t\t<\/div>\n\t\t<\/section>\n\t\t\t\t\t\t<\/div>\n\t\t\t\t\t\t<\/div>\n\t\t\t\t\t<\/div>\n\t\t","protected":false},"excerpt":{"rendered":"<p>C\u00c1NCER DE PR\u00d3STATA De acuerdo a datos publicados por la OMS, el c\u00e1ncer de pr\u00f3stata es el m\u00e1s&#8230; Leer m\u00e1s adminmarzo 30, 2023 Si padeciste COVID revisa tu coraz\u00f3n | Detectan deformaci\u00f3n cardiaca Post-COVID 19 Recientes estudios demostraron que cerca del&nbsp;40% por ciento de los sobrevivientes al COVID-19&nbsp;presentan alguna&nbsp;deformaci\u00f3n cardiaca,&#8230; Leer m\u00e1s adminagosto 4, 2021 [&hellip;]<\/p>\n","protected":false},"author":1,"featured_media":0,"parent":0,"menu_order":0,"comment_status":"closed","ping_status":"open","template":"","meta":[],"yoast_head":"<!-- This site is optimized with the Yoast SEO Premium plugin v17.9 (Yoast SEO v21.4) - https:\/\/yoast.com\/wordpress\/plugins\/seo\/ -->\n<title>Blog IMAX - Tecnolog\u00eda e Innovaci\u00f3n - IMAX Tampico<\/title>\n<meta name=\"robots\" content=\"index, follow, max-snippet:-1, max-image-preview:large, max-video-preview:-1\" \/>\n<link rel=\"canonical\" href=\"https:\/\/www.imaxtampico.com\/web\/tecnologiaeinnovacionnews\/\" \/>\n<meta property=\"og:locale\" content=\"es_ES\" \/>\n<meta property=\"og:type\" content=\"article\" \/>\n<meta property=\"og:title\" content=\"Blog IMAX - Tecnolog\u00eda e Innovaci\u00f3n\" \/>\n<meta property=\"og:description\" content=\"C\u00c1NCER DE PR\u00d3STATA De acuerdo a datos publicados por la OMS, el c\u00e1ncer de pr\u00f3stata es el m\u00e1s&#8230; Leer m\u00e1s adminmarzo 30, 2023 Si padeciste COVID revisa tu coraz\u00f3n | Detectan deformaci\u00f3n cardiaca Post-COVID 19 Recientes estudios demostraron que cerca del&nbsp;40% por ciento de los sobrevivientes al COVID-19&nbsp;presentan alguna&nbsp;deformaci\u00f3n cardiaca,&#8230; Leer m\u00e1s adminagosto 4, 2021 [&hellip;]\" \/>\n<meta property=\"og:url\" content=\"https:\/\/www.imaxtampico.com\/web\/tecnologiaeinnovacionnews\/\" \/>\n<meta property=\"og:site_name\" content=\"IMAX Tampico\" \/>\n<meta property=\"article:publisher\" content=\"https:\/\/www.facebook.com\/imagenmaxima\" \/>\n<meta property=\"article:modified_time\" content=\"2023-05-18T19:39:01+00:00\" \/>\n<meta property=\"og:image\" content=\"http:\/\/www.imaxtampico.com\/web\/wp-content\/uploads\/2023\/03\/prostata-biagi-news-300x111.jpg\" \/>\n<meta name=\"twitter:card\" content=\"summary_large_image\" \/>\n<meta name=\"twitter:label1\" content=\"Tiempo de lectura\" \/>\n\t<meta name=\"twitter:data1\" content=\"3 minutos\" \/>\n<script type=\"application\/ld+json\" class=\"yoast-schema-graph\">{\"@context\":\"https:\/\/schema.org\",\"@graph\":[{\"@type\":\"WebPage\",\"@id\":\"https:\/\/www.imaxtampico.com\/web\/tecnologiaeinnovacionnews\/\",\"url\":\"https:\/\/www.imaxtampico.com\/web\/tecnologiaeinnovacionnews\/\",\"name\":\"Blog IMAX - Tecnolog\u00eda e Innovaci\u00f3n - IMAX Tampico\",\"isPartOf\":{\"@id\":\"https:\/\/www.imaxtampico.com\/web\/#website\"},\"datePublished\":\"2023-05-18T19:38:57+00:00\",\"dateModified\":\"2023-05-18T19:39:01+00:00\",\"breadcrumb\":{\"@id\":\"https:\/\/www.imaxtampico.com\/web\/tecnologiaeinnovacionnews\/#breadcrumb\"},\"inLanguage\":\"es\",\"potentialAction\":[{\"@type\":\"ReadAction\",\"target\":[\"https:\/\/www.imaxtampico.com\/web\/tecnologiaeinnovacionnews\/\"]}]},{\"@type\":\"BreadcrumbList\",\"@id\":\"https:\/\/www.imaxtampico.com\/web\/tecnologiaeinnovacionnews\/#breadcrumb\",\"itemListElement\":[{\"@type\":\"ListItem\",\"position\":1,\"name\":\"Home\",\"item\":\"https:\/\/www.imaxtampico.com\/web\/\"},{\"@type\":\"ListItem\",\"position\":2,\"name\":\"Blog IMAX &#8211; Tecnolog\u00eda e Innovaci\u00f3n\"}]},{\"@type\":\"WebSite\",\"@id\":\"https:\/\/www.imaxtampico.com\/web\/#website\",\"url\":\"https:\/\/www.imaxtampico.com\/web\/\",\"name\":\"IMAX Tampico\",\"description\":\"CENTRO DE IMAGENOLOGIA INTEGRAL Nuestra Experiencia y Tecnolog\u00eda de primer mundo, hacen la diferencia.\",\"publisher\":{\"@id\":\"https:\/\/www.imaxtampico.com\/web\/#organization\"},\"potentialAction\":[{\"@type\":\"SearchAction\",\"target\":{\"@type\":\"EntryPoint\",\"urlTemplate\":\"https:\/\/www.imaxtampico.com\/web\/?s={search_term_string}\"},\"query-input\":\"required name=search_term_string\"}],\"inLanguage\":\"es\"},{\"@type\":\"Organization\",\"@id\":\"https:\/\/www.imaxtampico.com\/web\/#organization\",\"name\":\"IMAX Tampico\",\"url\":\"https:\/\/www.imaxtampico.com\/web\/\",\"logo\":{\"@type\":\"ImageObject\",\"inLanguage\":\"es\",\"@id\":\"https:\/\/www.imaxtampico.com\/web\/#\/schema\/logo\/image\/\",\"url\":\"http:\/\/www.imaxtampico.com\/web\/wp-content\/uploads\/2021\/08\/imax-logo.png\",\"contentUrl\":\"http:\/\/www.imaxtampico.com\/web\/wp-content\/uploads\/2021\/08\/imax-logo.png\",\"width\":148,\"height\":90,\"caption\":\"IMAX Tampico\"},\"image\":{\"@id\":\"https:\/\/www.imaxtampico.com\/web\/#\/schema\/logo\/image\/\"},\"sameAs\":[\"https:\/\/www.facebook.com\/imagenmaxima\",\"https:\/\/www.instagram.com\/imaxtampico21\/\",\"https:\/\/www.linkedin.com\/company\/imaxtampico\",\"https:\/\/www.youtube.com\/channel\/UCfQN6qrP6yVsy8XJnOqIAEg\"]}]}<\/script>\n<!-- \/ Yoast SEO Premium plugin. -->","yoast_head_json":{"title":"Blog IMAX - Tecnolog\u00eda e Innovaci\u00f3n - IMAX Tampico","robots":{"index":"index","follow":"follow","max-snippet":"max-snippet:-1","max-image-preview":"max-image-preview:large","max-video-preview":"max-video-preview:-1"},"canonical":"https:\/\/www.imaxtampico.com\/web\/tecnologiaeinnovacionnews\/","og_locale":"es_ES","og_type":"article","og_title":"Blog IMAX - Tecnolog\u00eda e Innovaci\u00f3n","og_description":"C\u00c1NCER DE PR\u00d3STATA De acuerdo a datos publicados por la OMS, el c\u00e1ncer de pr\u00f3stata es el m\u00e1s&#8230; Leer m\u00e1s adminmarzo 30, 2023 Si padeciste COVID revisa tu coraz\u00f3n | Detectan deformaci\u00f3n cardiaca Post-COVID 19 Recientes estudios demostraron que cerca del&nbsp;40% por ciento de los sobrevivientes al COVID-19&nbsp;presentan alguna&nbsp;deformaci\u00f3n cardiaca,&#8230; Leer m\u00e1s adminagosto 4, 2021 [&hellip;]","og_url":"https:\/\/www.imaxtampico.com\/web\/tecnologiaeinnovacionnews\/","og_site_name":"IMAX Tampico","article_publisher":"https:\/\/www.facebook.com\/imagenmaxima","article_modified_time":"2023-05-18T19:39:01+00:00","og_image":[{"url":"http:\/\/www.imaxtampico.com\/web\/wp-content\/uploads\/2023\/03\/prostata-biagi-news-300x111.jpg"}],"twitter_card":"summary_large_image","twitter_misc":{"Tiempo de lectura":"3 minutos"},"schema":{"@context":"https:\/\/schema.org","@graph":[{"@type":"WebPage","@id":"https:\/\/www.imaxtampico.com\/web\/tecnologiaeinnovacionnews\/","url":"https:\/\/www.imaxtampico.com\/web\/tecnologiaeinnovacionnews\/","name":"Blog IMAX - Tecnolog\u00eda e Innovaci\u00f3n - IMAX Tampico","isPartOf":{"@id":"https:\/\/www.imaxtampico.com\/web\/#website"},"datePublished":"2023-05-18T19:38:57+00:00","dateModified":"2023-05-18T19:39:01+00:00","breadcrumb":{"@id":"https:\/\/www.imaxtampico.com\/web\/tecnologiaeinnovacionnews\/#breadcrumb"},"inLanguage":"es","potentialAction":[{"@type":"ReadAction","target":["https:\/\/www.imaxtampico.com\/web\/tecnologiaeinnovacionnews\/"]}]},{"@type":"BreadcrumbList","@id":"https:\/\/www.imaxtampico.com\/web\/tecnologiaeinnovacionnews\/#breadcrumb","itemListElement":[{"@type":"ListItem","position":1,"name":"Home","item":"https:\/\/www.imaxtampico.com\/web\/"},{"@type":"ListItem","position":2,"name":"Blog IMAX &#8211; Tecnolog\u00eda e Innovaci\u00f3n"}]},{"@type":"WebSite","@id":"https:\/\/www.imaxtampico.com\/web\/#website","url":"https:\/\/www.imaxtampico.com\/web\/","name":"IMAX Tampico","description":"CENTRO DE IMAGENOLOGIA INTEGRAL Nuestra Experiencia y Tecnolog\u00eda de primer mundo, hacen la diferencia.","publisher":{"@id":"https:\/\/www.imaxtampico.com\/web\/#organization"},"potentialAction":[{"@type":"SearchAction","target":{"@type":"EntryPoint","urlTemplate":"https:\/\/www.imaxtampico.com\/web\/?s={search_term_string}"},"query-input":"required name=search_term_string"}],"inLanguage":"es"},{"@type":"Organization","@id":"https:\/\/www.imaxtampico.com\/web\/#organization","name":"IMAX Tampico","url":"https:\/\/www.imaxtampico.com\/web\/","logo":{"@type":"ImageObject","inLanguage":"es","@id":"https:\/\/www.imaxtampico.com\/web\/#\/schema\/logo\/image\/","url":"http:\/\/www.imaxtampico.com\/web\/wp-content\/uploads\/2021\/08\/imax-logo.png","contentUrl":"http:\/\/www.imaxtampico.com\/web\/wp-content\/uploads\/2021\/08\/imax-logo.png","width":148,"height":90,"caption":"IMAX Tampico"},"image":{"@id":"https:\/\/www.imaxtampico.com\/web\/#\/schema\/logo\/image\/"},"sameAs":["https:\/\/www.facebook.com\/imagenmaxima","https:\/\/www.instagram.com\/imaxtampico21\/","https:\/\/www.linkedin.com\/company\/imaxtampico","https:\/\/www.youtube.com\/channel\/UCfQN6qrP6yVsy8XJnOqIAEg"]}]}},"_links":{"self":[{"href":"https:\/\/www.imaxtampico.com\/web\/wp-json\/wp\/v2\/pages\/12574"}],"collection":[{"href":"https:\/\/www.imaxtampico.com\/web\/wp-json\/wp\/v2\/pages"}],"about":[{"href":"https:\/\/www.imaxtampico.com\/web\/wp-json\/wp\/v2\/types\/page"}],"author":[{"embeddable":true,"href":"https:\/\/www.imaxtampico.com\/web\/wp-json\/wp\/v2\/users\/1"}],"replies":[{"embeddable":true,"href":"https:\/\/www.imaxtampico.com\/web\/wp-json\/wp\/v2\/comments?post=12574"}],"version-history":[{"count":1,"href":"https:\/\/www.imaxtampico.com\/web\/wp-json\/wp\/v2\/pages\/12574\/revisions"}],"predecessor-version":[{"id":12575,"href":"https:\/\/www.imaxtampico.com\/web\/wp-json\/wp\/v2\/pages\/12574\/revisions\/12575"}],"wp:attachment":[{"href":"https:\/\/www.imaxtampico.com\/web\/wp-json\/wp\/v2\/media?parent=12574"}],"curies":[{"name":"wp","href":"https:\/\/api.w.org\/{rel}","templated":true}]}}