{"id":10200,"date":"2022-11-01T17:55:14","date_gmt":"2022-11-01T17:55:14","guid":{"rendered":"https:\/\/www.imaxtampico.com\/web\/?page_id=10200"},"modified":"2023-09-29T16:36:17","modified_gmt":"2023-09-29T16:36:17","slug":"diplomados-imax-resonancia","status":"publish","type":"page","link":"https:\/\/www.imaxtampico.com\/web\/diplomados-imax-resonancia\/","title":{"rendered":"Curso Especializado en Resonancia Magn\u00e9tica"},"content":{"rendered":"\t\t<div data-elementor-type=\"wp-post\" data-elementor-id=\"10200\" class=\"elementor elementor-10200\" data-elementor-settings=\"[]\">\n\t\t\t\t\t\t<div class=\"elementor-inner\">\n\t\t\t\t\t\t\t<div class=\"elementor-section-wrap\">\n\t\t\t\t\t\t\t<section class=\"elementor-section elementor-top-section elementor-element elementor-element-f9acb4f elementor-section-boxed elementor-section-height-default elementor-section-height-default\" data-id=\"f9acb4f\" data-element_type=\"section\">\n\t\t\t\t\t\t<div class=\"elementor-container elementor-column-gap-default\">\n\t\t\t\t\t\t\t<div class=\"elementor-row\">\n\t\t\t\t\t<div class=\"elementor-column elementor-col-100 elementor-top-column elementor-element elementor-element-1cce43c\" data-id=\"1cce43c\" data-element_type=\"column\">\n\t\t\t<div class=\"elementor-column-wrap elementor-element-populated\">\n\t\t\t\t\t\t\t<div class=\"elementor-widget-wrap\">\n\t\t\t\t\t\t<div class=\"elementor-element elementor-element-92cdf66 elementor-widget elementor-widget-heading\" data-id=\"92cdf66\" data-element_type=\"widget\" data-widget_type=\"heading.default\">\n\t\t\t\t<div class=\"elementor-widget-container\">\n\t\t\t<h2 class=\"elementor-heading-title elementor-size-default\">Requisito indispensable: <\/h2>\t\t<\/div>\n\t\t\t\t<\/div>\n\t\t\t\t\t\t<\/div>\n\t\t\t\t\t<\/div>\n\t\t<\/div>\n\t\t\t\t\t\t\t\t<\/div>\n\t\t\t\t\t<\/div>\n\t\t<\/section>\n\t\t\t\t<section class=\"elementor-section elementor-top-section elementor-element elementor-element-c5e377e elementor-section-boxed elementor-section-height-default elementor-section-height-default\" data-id=\"c5e377e\" data-element_type=\"section\">\n\t\t\t\t\t\t<div class=\"elementor-container elementor-column-gap-default\">\n\t\t\t\t\t\t\t<div class=\"elementor-row\">\n\t\t\t\t\t<div class=\"elementor-column elementor-col-100 elementor-top-column elementor-element elementor-element-f681906\" data-id=\"f681906\" data-element_type=\"column\">\n\t\t\t<div class=\"elementor-column-wrap elementor-element-populated\">\n\t\t\t\t\t\t\t<div class=\"elementor-widget-wrap\">\n\t\t\t\t\t\t<div class=\"elementor-element elementor-element-9f41035 elementor-widget elementor-widget-heading\" data-id=\"9f41035\" data-element_type=\"widget\" data-widget_type=\"heading.default\">\n\t\t\t\t<div class=\"elementor-widget-container\">\n\t\t\t<h3 class=\"elementor-heading-title elementor-size-default\">\"Haber cursado y acreditado el Diplomado Pr\u00e1ctico en T\u00e9cnicas de Radiolog\u00eda e Imagen.\"\n<\/h3>\t\t<\/div>\n\t\t\t\t<\/div>\n\t\t\t\t\t\t<\/div>\n\t\t\t\t\t<\/div>\n\t\t<\/div>\n\t\t\t\t\t\t\t\t<\/div>\n\t\t\t\t\t<\/div>\n\t\t<\/section>\n\t\t\t\t<section class=\"elementor-section elementor-top-section elementor-element elementor-element-9636990 elementor-section-boxed elementor-section-height-default elementor-section-height-default\" data-id=\"9636990\" data-element_type=\"section\">\n\t\t\t\t\t\t<div class=\"elementor-container elementor-column-gap-default\">\n\t\t\t\t\t\t\t<div class=\"elementor-row\">\n\t\t\t\t\t<div class=\"elementor-column elementor-col-100 elementor-top-column elementor-element elementor-element-242e387\" data-id=\"242e387\" data-element_type=\"column\">\n\t\t\t<div class=\"elementor-column-wrap elementor-element-populated\">\n\t\t\t\t\t\t\t<div class=\"elementor-widget-wrap\">\n\t\t\t\t\t\t<div class=\"elementor-element elementor-element-b2975c0 elementor-align-center elementor-widget elementor-widget-button\" data-id=\"b2975c0\" data-element_type=\"widget\" data-widget_type=\"button.default\">\n\t\t\t\t<div class=\"elementor-widget-container\">\n\t\t\t\t\t<div class=\"elementor-button-wrapper\">\n\t\t\t<a href=\"https:\/\/www.imaxtampico.com\/web\/diplomados-imax-tecnicas-radiologia\/\" class=\"elementor-button-link elementor-button elementor-size-sm\" role=\"button\">\n\t\t\t\t\t\t<span class=\"elementor-button-content-wrapper\">\n\t\t\t\t\t\t<span class=\"elementor-button-text\">Ir a Informaci\u00f3n del Diplomado PTRI<\/span>\n\t\t<\/span>\n\t\t\t\t\t<\/a>\n\t\t<\/div>\n\t\t\t\t<\/div>\n\t\t\t\t<\/div>\n\t\t\t\t\t\t<\/div>\n\t\t\t\t\t<\/div>\n\t\t<\/div>\n\t\t\t\t\t\t\t\t<\/div>\n\t\t\t\t\t<\/div>\n\t\t<\/section>\n\t\t\t\t<section class=\"elementor-section elementor-top-section elementor-element elementor-element-e42f761 elementor-section-boxed elementor-section-height-default elementor-section-height-default\" data-id=\"e42f761\" data-element_type=\"section\">\n\t\t\t\t\t\t<div class=\"elementor-container elementor-column-gap-default\">\n\t\t\t\t\t\t\t<div class=\"elementor-row\">\n\t\t\t\t\t<div class=\"elementor-column elementor-col-100 elementor-top-column elementor-element elementor-element-fafd56c\" data-id=\"fafd56c\" data-element_type=\"column\">\n\t\t\t<div class=\"elementor-column-wrap elementor-element-populated\">\n\t\t\t\t\t\t\t<div class=\"elementor-widget-wrap\">\n\t\t\t\t\t\t<div class=\"elementor-element elementor-element-58acd24 elementor-widget elementor-widget-image\" data-id=\"58acd24\" data-element_type=\"widget\" data-widget_type=\"image.default\">\n\t\t\t\t<div class=\"elementor-widget-container\">\n\t\t\t\t\t\t\t\t<div class=\"elementor-image\">\n\t\t\t\t\t\t\t\t\t\t\t\t<img decoding=\"async\" width=\"1536\" height=\"864\" src=\"https:\/\/www.imaxtampico.com\/web\/wp-content\/uploads\/2023\/08\/portadas-curso-imax-resonancia-2-1536x864.png\" class=\"attachment-1536x1536 size-1536x1536\" alt=\"\" loading=\"lazy\" srcset=\"https:\/\/www.imaxtampico.com\/web\/wp-content\/uploads\/2023\/08\/portadas-curso-imax-resonancia-2-1536x864.png 1536w, https:\/\/www.imaxtampico.com\/web\/wp-content\/uploads\/2023\/08\/portadas-curso-imax-resonancia-2-300x169.png 300w, https:\/\/www.imaxtampico.com\/web\/wp-content\/uploads\/2023\/08\/portadas-curso-imax-resonancia-2-1024x576.png 1024w, https:\/\/www.imaxtampico.com\/web\/wp-content\/uploads\/2023\/08\/portadas-curso-imax-resonancia-2-768x432.png 768w, https:\/\/www.imaxtampico.com\/web\/wp-content\/uploads\/2023\/08\/portadas-curso-imax-resonancia-2-2048x1152.png 2048w\" sizes=\"(max-width: 1536px) 100vw, 1536px\" \/>\t\t\t\t\t\t\t\t\t\t\t\t\t\t<\/div>\n\t\t\t\t\t\t<\/div>\n\t\t\t\t<\/div>\n\t\t\t\t\t\t<\/div>\n\t\t\t\t\t<\/div>\n\t\t<\/div>\n\t\t\t\t\t\t\t\t<\/div>\n\t\t\t\t\t<\/div>\n\t\t<\/section>\n\t\t\t\t<section class=\"elementor-section elementor-top-section elementor-element elementor-element-0e2e39d elementor-section-boxed elementor-section-height-default elementor-section-height-default\" data-id=\"0e2e39d\" data-element_type=\"section\">\n\t\t\t\t\t\t<div class=\"elementor-container elementor-column-gap-default\">\n\t\t\t\t\t\t\t<div class=\"elementor-row\">\n\t\t\t\t\t<div class=\"elementor-column elementor-col-50 elementor-top-column elementor-element elementor-element-15eb267\" data-id=\"15eb267\" data-element_type=\"column\">\n\t\t\t<div class=\"elementor-column-wrap elementor-element-populated\">\n\t\t\t\t\t\t\t<div class=\"elementor-widget-wrap\">\n\t\t\t\t\t\t<div class=\"elementor-element elementor-element-3f6c6bf elementor-widget elementor-widget-text-editor\" data-id=\"3f6c6bf\" data-element_type=\"widget\" data-widget_type=\"text-editor.default\">\n\t\t\t\t<div class=\"elementor-widget-container\">\n\t\t\t\t\t\t\t\t<div class=\"elementor-text-editor elementor-clearfix\">\n\t\t\t\t<p><span style=\"color: #800000;\"><strong>Beneficios:<\/strong><\/span><\/p><p style=\"font-weight: 400;\">-Especial\u00edzate en Resonancia Magn\u00e9tica Nuclear<br \/>con la tecnolog\u00eda m\u00e1s avanzada de la regi\u00f3n:<\/p><p>\u00a0 \u00a0 \u00a0* Resonador Abierto Hitachi Airis 0.3 Teslas.<\/p><p>\u00a0 \u00a0 * Resonador Philips Ingenia 1.5 Teslas.<\/p><p style=\"font-weight: 400;\">-Recibe constancia y diploma con valor curricular, avalado por el<br \/>Instituto de Estudios Superiores de Tamaulipas (IEST, An\u00e1huac).<\/p>\t\t\t\t\t<\/div>\n\t\t\t\t\t\t<\/div>\n\t\t\t\t<\/div>\n\t\t\t\t\t\t<\/div>\n\t\t\t\t\t<\/div>\n\t\t<\/div>\n\t\t\t\t<div class=\"elementor-column elementor-col-50 elementor-top-column elementor-element elementor-element-298db0d\" data-id=\"298db0d\" data-element_type=\"column\">\n\t\t\t<div class=\"elementor-column-wrap elementor-element-populated\">\n\t\t\t\t\t\t\t<div class=\"elementor-widget-wrap\">\n\t\t\t\t\t\t<div class=\"elementor-element elementor-element-c5f01ab elementor-widget elementor-widget-text-editor\" data-id=\"c5f01ab\" data-element_type=\"widget\" data-widget_type=\"text-editor.default\">\n\t\t\t\t<div class=\"elementor-widget-container\">\n\t\t\t\t\t\t\t\t<div class=\"elementor-text-editor elementor-clearfix\">\n\t\t\t\t<p><strong><span style=\"color: #800000;\">Aplica para obtener una Beca hasta del 100%:<\/span><\/strong><\/p><p>-Llena tu solicitud en l\u00ednea en esta misma p\u00e1gina y adjunta una Copia de identificaci\u00f3n oficial (credencial de elector).<\/p>\t\t\t\t\t<\/div>\n\t\t\t\t\t\t<\/div>\n\t\t\t\t<\/div>\n\t\t\t\t\t\t<\/div>\n\t\t\t\t\t<\/div>\n\t\t<\/div>\n\t\t\t\t\t\t\t\t<\/div>\n\t\t\t\t\t<\/div>\n\t\t<\/section>\n\t\t\t\t<section class=\"elementor-section elementor-top-section elementor-element elementor-element-68adc57e elementor-section-boxed elementor-section-height-default elementor-section-height-default\" data-id=\"68adc57e\" data-element_type=\"section\" data-settings=\"{&quot;background_background&quot;:&quot;classic&quot;}\">\n\t\t\t\t\t\t<div class=\"elementor-container elementor-column-gap-default\">\n\t\t\t\t\t\t\t<div class=\"elementor-row\">\n\t\t\t\t\t<div class=\"elementor-column elementor-col-100 elementor-top-column elementor-element elementor-element-674ff23a\" data-id=\"674ff23a\" data-element_type=\"column\">\n\t\t\t<div class=\"elementor-column-wrap elementor-element-populated\">\n\t\t\t\t\t\t\t<div class=\"elementor-widget-wrap\">\n\t\t\t\t\t\t<div class=\"elementor-element elementor-element-e01ae87 elementor-widget elementor-widget-eform_form\" data-id=\"e01ae87\" data-element_type=\"widget\" data-widget_type=\"eform_form.default\">\n\t\t\t\t<div class=\"elementor-widget-container\">\n\t\t\t<style type=\"text\/css\">iframe.wpq-eform-iframe {width: 1px; min-width: 100%; border: 0 none; outline: none;}<\/style><div><div style=\"overflow: auto; -webkit-overflow-scrolling:touch;\"><iframe scrolling=\"no\" style=\" height: 500px;\" allowtransparency=\"true\" class=\"wpq-eform-iframe\" src=\"https:\/\/www.imaxtampico.com\/web\/eforms\/curso-especializado-en-resonancia-magnetica\/9\/?iframe_embed=1\"><\/iframe><\/div><\/div>\t\t<\/div>\n\t\t\t\t<\/div>\n\t\t\t\t\t\t<\/div>\n\t\t\t\t\t<\/div>\n\t\t<\/div>\n\t\t\t\t\t\t\t\t<\/div>\n\t\t\t\t\t<\/div>\n\t\t<\/section>\n\t\t\t\t<section class=\"elementor-section elementor-top-section elementor-element elementor-element-1c5448f elementor-section-boxed elementor-section-height-default elementor-section-height-default\" data-id=\"1c5448f\" data-element_type=\"section\">\n\t\t\t\t\t\t<div class=\"elementor-container elementor-column-gap-default\">\n\t\t\t\t\t\t\t<div class=\"elementor-row\">\n\t\t\t\t\t<div class=\"elementor-column elementor-col-100 elementor-top-column elementor-element elementor-element-bceca97\" data-id=\"bceca97\" data-element_type=\"column\">\n\t\t\t<div class=\"elementor-column-wrap elementor-element-populated\">\n\t\t\t\t\t\t\t<div class=\"elementor-widget-wrap\">\n\t\t\t\t\t\t<div class=\"elementor-element elementor-element-d2da48e elementor-widget elementor-widget-text-editor\" data-id=\"d2da48e\" data-element_type=\"widget\" data-widget_type=\"text-editor.default\">\n\t\t\t\t<div class=\"elementor-widget-container\">\n\t\t\t\t\t\t\t\t<div class=\"elementor-text-editor elementor-clearfix\">\n\t\t\t\t<p style=\"text-align: center;\">Para recibir m\u00e1s informaci\u00f3n sobre nuestros cursos y diplomados:<\/p>\t\t\t\t\t<\/div>\n\t\t\t\t\t\t<\/div>\n\t\t\t\t<\/div>\n\t\t\t\t<div class=\"elementor-element elementor-element-bf7d41a elementor-widget elementor-widget-testimonial\" data-id=\"bf7d41a\" data-element_type=\"widget\" data-widget_type=\"testimonial.default\">\n\t\t\t\t<div class=\"elementor-widget-container\">\n\t\t\t\t\t<div class=\"elementor-testimonial-wrapper\">\n\t\t\t\t\t\t\t<div class=\"elementor-testimonial-content\">Coordinador Acad\u00e9mico IMAX\n<\/div>\n\t\t\t\n\t\t\t\t\t\t<div class=\"elementor-testimonial-meta elementor-has-image elementor-testimonial-image-position-top\">\n\t\t\t\t<div class=\"elementor-testimonial-meta-inner\">\n\t\t\t\t\t\t\t\t\t\t\t<div class=\"elementor-testimonial-image\">\n\t\t\t\t\t\t\t<img decoding=\"async\" width=\"800\" height=\"955\" src=\"https:\/\/www.imaxtampico.com\/web\/wp-content\/uploads\/2022\/10\/david-adrian-perez-ruiz-858x1024.png\" class=\"attachment-large size-large\" alt=\"\" loading=\"lazy\" \/>\t\t\t\t\t\t<\/div>\n\t\t\t\t\t\n\t\t\t\t\t\t\t\t\t\t<div class=\"elementor-testimonial-details\">\n\t\t\t\t\t\t\t\t\t\t\t\t\t\t<div class=\"elementor-testimonial-name\">Lic. David Adri\u00e1n P\u00e9rez Ruiz<\/div>\n\t\t\t\t\t\t\t\t\t\t\t\t\t\t\t\t\t\t\t\t\t\t<div class=\"elementor-testimonial-job\">Director de Desarrollo Organizacional<\/div>\n\t\t\t\t\t\t\t\t\t\t\t\t\t<\/div>\n\t\t\t\t\t\t\t\t\t<\/div>\n\t\t\t<\/div>\n\t\t\t\t\t<\/div>\n\t\t\t\t<\/div>\n\t\t\t\t<\/div>\n\t\t\t\t<div class=\"elementor-element elementor-element-ea3c570 elementor-button-info elementor-align-center elementor-widget elementor-widget-button\" data-id=\"ea3c570\" data-element_type=\"widget\" data-widget_type=\"button.default\">\n\t\t\t\t<div class=\"elementor-widget-container\">\n\t\t\t\t\t<div class=\"elementor-button-wrapper\">\n\t\t\t<a href=\"https:\/\/api.whatsapp.com\/send?phone=+528118806910\" class=\"elementor-button-link elementor-button elementor-size-sm\" role=\"button\">\n\t\t\t\t\t\t<span class=\"elementor-button-content-wrapper\">\n\t\t\t\t\t\t<span class=\"elementor-button-icon elementor-align-icon-left\">\n\t\t\t\t<i aria-hidden=\"true\" class=\"icon icon-whatsapp-2\"><\/i>\t\t\t<\/span>\n\t\t\t\t\t\t<span class=\"elementor-button-text\">+528118806910<\/span>\n\t\t<\/span>\n\t\t\t\t\t<\/a>\n\t\t<\/div>\n\t\t\t\t<\/div>\n\t\t\t\t<\/div>\n\t\t\t\t\t\t<\/div>\n\t\t\t\t\t<\/div>\n\t\t<\/div>\n\t\t\t\t\t\t\t\t<\/div>\n\t\t\t\t\t<\/div>\n\t\t<\/section>\n\t\t\t\t\t\t<\/div>\n\t\t\t\t\t\t<\/div>\n\t\t\t\t\t<\/div>\n\t\t","protected":false},"excerpt":{"rendered":"<p>Requisito indispensable: &#8220;Haber cursado y acreditado el Diplomado Pr\u00e1ctico en T\u00e9cnicas de Radiolog\u00eda e Imagen.&#8221; Ir a Informaci\u00f3n del Diplomado PTRI Beneficios: -Especial\u00edzate en Resonancia Magn\u00e9tica Nuclearcon la tecnolog\u00eda m\u00e1s avanzada de la regi\u00f3n: \u00a0 \u00a0 \u00a0* Resonador Abierto Hitachi Airis 0.3 Teslas. \u00a0 \u00a0 * Resonador Philips Ingenia 1.5 Teslas. -Recibe constancia y diploma [&hellip;]<\/p>\n","protected":false},"author":1,"featured_media":0,"parent":0,"menu_order":0,"comment_status":"closed","ping_status":"closed","template":"template\/full-width-template.php","meta":[],"yoast_head":"<!-- This site is optimized with the Yoast SEO Premium plugin v17.9 (Yoast SEO v21.4) - https:\/\/yoast.com\/wordpress\/plugins\/seo\/ -->\n<title>Curso Especializado en Resonancia Magn\u00e9tica - IMAX Tampico<\/title>\n<meta name=\"robots\" content=\"index, follow, max-snippet:-1, max-image-preview:large, max-video-preview:-1\" \/>\n<link rel=\"canonical\" href=\"https:\/\/www.imaxtampico.com\/web\/diplomados-imax-resonancia\/\" \/>\n<meta property=\"og:locale\" content=\"es_ES\" \/>\n<meta property=\"og:type\" content=\"article\" \/>\n<meta property=\"og:title\" content=\"Curso Especializado en Resonancia Magn\u00e9tica\" \/>\n<meta property=\"og:description\" content=\"Requisito indispensable: &#8220;Haber cursado y acreditado el Diplomado Pr\u00e1ctico en T\u00e9cnicas de Radiolog\u00eda e Imagen.&#8221; Ir a Informaci\u00f3n del Diplomado PTRI Beneficios: -Especial\u00edzate en Resonancia Magn\u00e9tica Nuclearcon la tecnolog\u00eda m\u00e1s avanzada de la regi\u00f3n: \u00a0 \u00a0 \u00a0* Resonador Abierto Hitachi Airis 0.3 Teslas. \u00a0 \u00a0 * Resonador Philips Ingenia 1.5 Teslas. -Recibe constancia y diploma [&hellip;]\" \/>\n<meta property=\"og:url\" content=\"https:\/\/www.imaxtampico.com\/web\/diplomados-imax-resonancia\/\" \/>\n<meta property=\"og:site_name\" content=\"IMAX Tampico\" \/>\n<meta property=\"article:publisher\" content=\"https:\/\/www.facebook.com\/imagenmaxima\" \/>\n<meta property=\"article:modified_time\" content=\"2023-09-29T16:36:17+00:00\" \/>\n<meta property=\"og:image\" content=\"http:\/\/www.imaxtampico.com\/web\/wp-content\/uploads\/2023\/08\/portadas-curso-imax-resonancia-2-1536x864.png\" \/>\n<meta name=\"twitter:card\" content=\"summary_large_image\" \/>\n<meta name=\"twitter:label1\" content=\"Tiempo de lectura\" \/>\n\t<meta name=\"twitter:data1\" content=\"4 minutos\" \/>\n<script type=\"application\/ld+json\" class=\"yoast-schema-graph\">{\"@context\":\"https:\/\/schema.org\",\"@graph\":[{\"@type\":\"WebPage\",\"@id\":\"https:\/\/www.imaxtampico.com\/web\/diplomados-imax-resonancia\/\",\"url\":\"https:\/\/www.imaxtampico.com\/web\/diplomados-imax-resonancia\/\",\"name\":\"Curso Especializado en Resonancia Magn\u00e9tica - IMAX Tampico\",\"isPartOf\":{\"@id\":\"https:\/\/www.imaxtampico.com\/web\/#website\"},\"datePublished\":\"2022-11-01T17:55:14+00:00\",\"dateModified\":\"2023-09-29T16:36:17+00:00\",\"breadcrumb\":{\"@id\":\"https:\/\/www.imaxtampico.com\/web\/diplomados-imax-resonancia\/#breadcrumb\"},\"inLanguage\":\"es\",\"potentialAction\":[{\"@type\":\"ReadAction\",\"target\":[\"https:\/\/www.imaxtampico.com\/web\/diplomados-imax-resonancia\/\"]}]},{\"@type\":\"BreadcrumbList\",\"@id\":\"https:\/\/www.imaxtampico.com\/web\/diplomados-imax-resonancia\/#breadcrumb\",\"itemListElement\":[{\"@type\":\"ListItem\",\"position\":1,\"name\":\"Home\",\"item\":\"https:\/\/www.imaxtampico.com\/web\/\"},{\"@type\":\"ListItem\",\"position\":2,\"name\":\"Curso Especializado en Resonancia Magn\u00e9tica\"}]},{\"@type\":\"WebSite\",\"@id\":\"https:\/\/www.imaxtampico.com\/web\/#website\",\"url\":\"https:\/\/www.imaxtampico.com\/web\/\",\"name\":\"IMAX Tampico\",\"description\":\"CENTRO DE IMAGENOLOGIA INTEGRAL Nuestra Experiencia y Tecnolog\u00eda de primer mundo, hacen la diferencia.\",\"publisher\":{\"@id\":\"https:\/\/www.imaxtampico.com\/web\/#organization\"},\"potentialAction\":[{\"@type\":\"SearchAction\",\"target\":{\"@type\":\"EntryPoint\",\"urlTemplate\":\"https:\/\/www.imaxtampico.com\/web\/?s={search_term_string}\"},\"query-input\":\"required name=search_term_string\"}],\"inLanguage\":\"es\"},{\"@type\":\"Organization\",\"@id\":\"https:\/\/www.imaxtampico.com\/web\/#organization\",\"name\":\"IMAX Tampico\",\"url\":\"https:\/\/www.imaxtampico.com\/web\/\",\"logo\":{\"@type\":\"ImageObject\",\"inLanguage\":\"es\",\"@id\":\"https:\/\/www.imaxtampico.com\/web\/#\/schema\/logo\/image\/\",\"url\":\"http:\/\/www.imaxtampico.com\/web\/wp-content\/uploads\/2021\/08\/imax-logo.png\",\"contentUrl\":\"http:\/\/www.imaxtampico.com\/web\/wp-content\/uploads\/2021\/08\/imax-logo.png\",\"width\":148,\"height\":90,\"caption\":\"IMAX Tampico\"},\"image\":{\"@id\":\"https:\/\/www.imaxtampico.com\/web\/#\/schema\/logo\/image\/\"},\"sameAs\":[\"https:\/\/www.facebook.com\/imagenmaxima\",\"https:\/\/www.instagram.com\/imaxtampico21\/\",\"https:\/\/www.linkedin.com\/company\/imaxtampico\",\"https:\/\/www.youtube.com\/channel\/UCfQN6qrP6yVsy8XJnOqIAEg\"]}]}<\/script>\n<!-- \/ Yoast SEO Premium plugin. -->","yoast_head_json":{"title":"Curso Especializado en Resonancia Magn\u00e9tica - IMAX Tampico","robots":{"index":"index","follow":"follow","max-snippet":"max-snippet:-1","max-image-preview":"max-image-preview:large","max-video-preview":"max-video-preview:-1"},"canonical":"https:\/\/www.imaxtampico.com\/web\/diplomados-imax-resonancia\/","og_locale":"es_ES","og_type":"article","og_title":"Curso Especializado en Resonancia Magn\u00e9tica","og_description":"Requisito indispensable: &#8220;Haber cursado y acreditado el Diplomado Pr\u00e1ctico en T\u00e9cnicas de Radiolog\u00eda e Imagen.&#8221; Ir a Informaci\u00f3n del Diplomado PTRI Beneficios: -Especial\u00edzate en Resonancia Magn\u00e9tica Nuclearcon la tecnolog\u00eda m\u00e1s avanzada de la regi\u00f3n: \u00a0 \u00a0 \u00a0* Resonador Abierto Hitachi Airis 0.3 Teslas. \u00a0 \u00a0 * Resonador Philips Ingenia 1.5 Teslas. -Recibe constancia y diploma [&hellip;]","og_url":"https:\/\/www.imaxtampico.com\/web\/diplomados-imax-resonancia\/","og_site_name":"IMAX Tampico","article_publisher":"https:\/\/www.facebook.com\/imagenmaxima","article_modified_time":"2023-09-29T16:36:17+00:00","og_image":[{"url":"http:\/\/www.imaxtampico.com\/web\/wp-content\/uploads\/2023\/08\/portadas-curso-imax-resonancia-2-1536x864.png"}],"twitter_card":"summary_large_image","twitter_misc":{"Tiempo de lectura":"4 minutos"},"schema":{"@context":"https:\/\/schema.org","@graph":[{"@type":"WebPage","@id":"https:\/\/www.imaxtampico.com\/web\/diplomados-imax-resonancia\/","url":"https:\/\/www.imaxtampico.com\/web\/diplomados-imax-resonancia\/","name":"Curso Especializado en Resonancia Magn\u00e9tica - IMAX Tampico","isPartOf":{"@id":"https:\/\/www.imaxtampico.com\/web\/#website"},"datePublished":"2022-11-01T17:55:14+00:00","dateModified":"2023-09-29T16:36:17+00:00","breadcrumb":{"@id":"https:\/\/www.imaxtampico.com\/web\/diplomados-imax-resonancia\/#breadcrumb"},"inLanguage":"es","potentialAction":[{"@type":"ReadAction","target":["https:\/\/www.imaxtampico.com\/web\/diplomados-imax-resonancia\/"]}]},{"@type":"BreadcrumbList","@id":"https:\/\/www.imaxtampico.com\/web\/diplomados-imax-resonancia\/#breadcrumb","itemListElement":[{"@type":"ListItem","position":1,"name":"Home","item":"https:\/\/www.imaxtampico.com\/web\/"},{"@type":"ListItem","position":2,"name":"Curso Especializado en Resonancia Magn\u00e9tica"}]},{"@type":"WebSite","@id":"https:\/\/www.imaxtampico.com\/web\/#website","url":"https:\/\/www.imaxtampico.com\/web\/","name":"IMAX Tampico","description":"CENTRO DE IMAGENOLOGIA INTEGRAL Nuestra Experiencia y Tecnolog\u00eda de primer mundo, hacen la diferencia.","publisher":{"@id":"https:\/\/www.imaxtampico.com\/web\/#organization"},"potentialAction":[{"@type":"SearchAction","target":{"@type":"EntryPoint","urlTemplate":"https:\/\/www.imaxtampico.com\/web\/?s={search_term_string}"},"query-input":"required name=search_term_string"}],"inLanguage":"es"},{"@type":"Organization","@id":"https:\/\/www.imaxtampico.com\/web\/#organization","name":"IMAX Tampico","url":"https:\/\/www.imaxtampico.com\/web\/","logo":{"@type":"ImageObject","inLanguage":"es","@id":"https:\/\/www.imaxtampico.com\/web\/#\/schema\/logo\/image\/","url":"http:\/\/www.imaxtampico.com\/web\/wp-content\/uploads\/2021\/08\/imax-logo.png","contentUrl":"http:\/\/www.imaxtampico.com\/web\/wp-content\/uploads\/2021\/08\/imax-logo.png","width":148,"height":90,"caption":"IMAX Tampico"},"image":{"@id":"https:\/\/www.imaxtampico.com\/web\/#\/schema\/logo\/image\/"},"sameAs":["https:\/\/www.facebook.com\/imagenmaxima","https:\/\/www.instagram.com\/imaxtampico21\/","https:\/\/www.linkedin.com\/company\/imaxtampico","https:\/\/www.youtube.com\/channel\/UCfQN6qrP6yVsy8XJnOqIAEg"]}]}},"_links":{"self":[{"href":"https:\/\/www.imaxtampico.com\/web\/wp-json\/wp\/v2\/pages\/10200"}],"collection":[{"href":"https:\/\/www.imaxtampico.com\/web\/wp-json\/wp\/v2\/pages"}],"about":[{"href":"https:\/\/www.imaxtampico.com\/web\/wp-json\/wp\/v2\/types\/page"}],"author":[{"embeddable":true,"href":"https:\/\/www.imaxtampico.com\/web\/wp-json\/wp\/v2\/users\/1"}],"replies":[{"embeddable":true,"href":"https:\/\/www.imaxtampico.com\/web\/wp-json\/wp\/v2\/comments?post=10200"}],"version-history":[{"count":72,"href":"https:\/\/www.imaxtampico.com\/web\/wp-json\/wp\/v2\/pages\/10200\/revisions"}],"predecessor-version":[{"id":14465,"href":"https:\/\/www.imaxtampico.com\/web\/wp-json\/wp\/v2\/pages\/10200\/revisions\/14465"}],"wp:attachment":[{"href":"https:\/\/www.imaxtampico.com\/web\/wp-json\/wp\/v2\/media?parent=10200"}],"curies":[{"name":"wp","href":"https:\/\/api.w.org\/{rel}","templated":true}]}}